{"id":5998,"date":"2021-11-12T11:12:15","date_gmt":"2021-11-12T11:12:15","guid":{"rendered":"https:\/\/bicycles4ever.intercambionaespanha.com\/?post_type=product&amp;p=5998"},"modified":"2021-11-12T11:12:15","modified_gmt":"2021-11-12T11:12:15","slug":"camiseta-interior-manga-larga-top-ten-spiuk","status":"publish","type":"product","link":"https:\/\/bicycles4ever.com\/fr\/camiseta-interior-manga-larga-top-ten-spiuk\/","title":{"rendered":"Camiseta Interior Manga Larga Top Ten Spiuk"},"content":{"rendered":"<h2>Camiseta Interior Manga Larga Spiuk Top Ten<\/h2>\n<div class=\"value std\">\n<p>La <strong>Camiseta Interior Manga Larga de Ciclismo Top Ten<\/strong> ha llevado la capacidad t\u00e9cnica de Spiuk a sus mayores cotas. Y ha merecido la pena. Su construcci\u00f3n seamless potenciar\u00e1 el rendimiento de tu esfuerzo f\u00edsico.<\/p>\n<p>La <strong>Camiseta Interior Manga Larga Top Ten<\/strong> no tiene costuras. Adem\u00e1s de evitar arrugas o rozamientos, es una forma de potenciar la funci\u00f3n de cada \u00e1rea de la prenda. Tambi\u00e9n favorece una suave y efectiva compresi\u00f3n de los grupos musculares. El hilo ultra-el\u00e1stico SensodryWarm\u00ae es termorregulador y seca muy r\u00e1pido. La eficiencia es la base para poder esforzarte al m\u00e1ximo.<\/p>\n<\/div>\n<h3 class=\"titleProduct\">Caracter\u00edsticas Camiseta Interior Manga Larga Top Ten Spiuk<\/h3>\n<div class=\"productLongDescription description\">\n<ul>\n<li>Camiseta interior de manga larga y construcci\u00f3n seamless (sin costuras)<\/li>\n<li>Patr\u00f3n muy ce\u00f1ido concebido para la pr\u00e1ctica de ciclismo<\/li>\n<li>Hilos ultrael\u00e1sticos SensodryWarm\u00ae que favorecen la termorregulaci\u00f3n as\u00ed como un r\u00e1pido secado. Resistentes a enganchones y roturas<\/li>\n<li>\u00c1reas de evacuaci\u00f3n de la transpiraci\u00f3n distribuidas estrat\u00e9gicamente en mangas y espalda<\/li>\n<li>Zonas de ajuste para asegurar la m\u00e1xima adaptaci\u00f3n anat\u00f3mica<\/li>\n<\/ul>\n<\/div>\n","protected":false},"excerpt":{"rendered":"<p>Camiseta Interior Manga Larga Spiuk Top Ten La Camiseta Interior Manga Larga de Ciclismo Top Ten ha llevado la capacidad t\u00e9cnica de Spiuk a sus mayores cotas. Y ha merecido la pena. Su construcci\u00f3n seamless potenciar\u00e1 el rendimiento de tu esfuerzo f\u00edsico. La Camiseta Interior Manga Larga Top Ten no tiene costuras. Adem\u00e1s de evitar [&#8230;]\n","protected":false},"featured_media":0,"template":"","meta":{"_trash_the_other_posts":false,"editor_notices":[]},"product_brand":[],"product_cat":[547],"product_tag":[522],"class_list":{"0":"post-5998","1":"product","2":"type-product","3":"status-publish","5":"product_cat-camisetas-interiores-spiuk","6":"product_tag-top-ten-winter","8":"first","9":"instock","10":"taxable","11":"shipping-taxable","12":"product-type-variable"},"_links":{"self":[{"href":"https:\/\/bicycles4ever.com\/fr\/wp-json\/wp\/v2\/product\/5998","targetHints":{"allow":["GET"]}}],"collection":[{"href":"https:\/\/bicycles4ever.com\/fr\/wp-json\/wp\/v2\/product"}],"about":[{"href":"https:\/\/bicycles4ever.com\/fr\/wp-json\/wp\/v2\/types\/product"}],"wp:attachment":[{"href":"https:\/\/bicycles4ever.com\/fr\/wp-json\/wp\/v2\/media?parent=5998"}],"wp:term":[{"taxonomy":"product_brand","embeddable":true,"href":"https:\/\/bicycles4ever.com\/fr\/wp-json\/wp\/v2\/product_brand?post=5998"},{"taxonomy":"product_cat","embeddable":true,"href":"https:\/\/bicycles4ever.com\/fr\/wp-json\/wp\/v2\/product_cat?post=5998"},{"taxonomy":"product_tag","embeddable":true,"href":"https:\/\/bicycles4ever.com\/fr\/wp-json\/wp\/v2\/product_tag?post=5998"}],"curies":[{"name":"wp","href":"https:\/\/api.w.org\/{rel}","templated":true}]}}