{"id":6022,"date":"2021-11-18T11:07:30","date_gmt":"2021-11-18T11:07:30","guid":{"rendered":"https:\/\/bicycles4ever.intercambionaespanha.com\/?post_type=product&amp;p=6022"},"modified":"2021-11-18T11:07:30","modified_gmt":"2021-11-18T11:07:30","slug":"maillot-manga-larga-top-ten-spiuk","status":"publish","type":"product","link":"https:\/\/bicycles4ever.com\/fr\/maillot-manga-larga-top-ten-spiuk\/","title":{"rendered":"Maillot Manga Larga Top Ten Spiuk"},"content":{"rendered":"<h2>Maillot Manga Larga Spiuk Top Ten<\/h2>\n<p>El <strong>Maillot de Ciclismo Manga Larga <\/strong><strong>de invierno Top Ten <\/strong> es m\u00e1s que una prenda ligera para d\u00edas con menos fr\u00edo. Su patronaje ce\u00f1ido lo convierte en la capa intermedia ideal si necesitas llevar m\u00e1s prendas.<\/p>\n<p>Spiuk ha construido el <strong>Maillot de invierno Top Ten<\/strong> en tejido SensodryWarm\u00ae, que es c\u00e1lido pero el\u00e1stico. As\u00ed que la libertad de movimiento la tienes garantizada si lo combinas con un chaleco. Una prenda polivalente, \u00bfNo crees?<\/p>\n<h3 class=\"titleProduct\">Caracter\u00edsticas Maillot de Manga Larga Top Ten Spiuk<\/h3>\n<div class=\"productLongDescription description\">\n<ul>\n<li>Maillot apto para 3 estaciones. Patr\u00f3n ce\u00f1ido de manga larga. Ideal tambi\u00e9n como capa intermedia<\/li>\n<li>Construido con tejido biel\u00e1stico SensodryWarm\u00ae y cardado interior<\/li>\n<li>Cremallera frontal de apertura completa con tirador inyectado antideslizante<\/li>\n<li>Incluye 3 bolsillos traseros de f\u00e1cil acceso<\/li>\n<li>Incluye detalles fl\u00faor y elementos reflectantes para una visibilidad de 360\u00ba<\/li>\n<\/ul>\n<nav aria-label=\"breadcrumbs\" class=\"rank-math-breadcrumb\"><p><span class=\"last\">Bicycles4ever<\/span><\/p><\/nav>\n<\/div>\n","protected":false},"excerpt":{"rendered":"<p>Maillot Manga Larga Spiuk Top Ten El Maillot de Ciclismo Manga Larga de invierno Top Ten es m\u00e1s que una prenda ligera para d\u00edas con menos fr\u00edo. Su patronaje ce\u00f1ido lo convierte en la capa intermedia ideal si necesitas llevar m\u00e1s prendas. Spiuk ha construido el Maillot de invierno Top Ten en tejido SensodryWarm\u00ae, que [&#8230;]\n","protected":false},"featured_media":0,"template":"","meta":{"_trash_the_other_posts":false,"editor_notices":[]},"product_brand":[],"product_cat":[553,492],"product_tag":[522],"class_list":{"0":"post-6022","1":"product","2":"type-product","3":"status-publish","5":"product_cat-maillots-manga-larga-spiuk","6":"product_cat-maillots-spiuk","7":"product_tag-top-ten-winter","9":"first","10":"instock","11":"taxable","12":"shipping-taxable","13":"product-type-variable"},"_links":{"self":[{"href":"https:\/\/bicycles4ever.com\/fr\/wp-json\/wp\/v2\/product\/6022","targetHints":{"allow":["GET"]}}],"collection":[{"href":"https:\/\/bicycles4ever.com\/fr\/wp-json\/wp\/v2\/product"}],"about":[{"href":"https:\/\/bicycles4ever.com\/fr\/wp-json\/wp\/v2\/types\/product"}],"wp:attachment":[{"href":"https:\/\/bicycles4ever.com\/fr\/wp-json\/wp\/v2\/media?parent=6022"}],"wp:term":[{"taxonomy":"product_brand","embeddable":true,"href":"https:\/\/bicycles4ever.com\/fr\/wp-json\/wp\/v2\/product_brand?post=6022"},{"taxonomy":"product_cat","embeddable":true,"href":"https:\/\/bicycles4ever.com\/fr\/wp-json\/wp\/v2\/product_cat?post=6022"},{"taxonomy":"product_tag","embeddable":true,"href":"https:\/\/bicycles4ever.com\/fr\/wp-json\/wp\/v2\/product_tag?post=6022"}],"curies":[{"name":"wp","href":"https:\/\/api.w.org\/{rel}","templated":true}]}}