{"id":6048,"date":"2021-11-18T11:42:36","date_gmt":"2021-11-18T11:42:36","guid":{"rendered":"https:\/\/bicycles4ever.intercambionaespanha.com\/?post_type=product&amp;p=6048"},"modified":"2021-11-18T11:42:36","modified_gmt":"2021-11-18T11:42:36","slug":"punteras-membrana-top-ten-spiuk","status":"publish","type":"product","link":"https:\/\/bicycles4ever.com\/fr\/punteras-membrana-top-ten-spiuk\/","title":{"rendered":"Punteras Membrana Top Ten Spiuk"},"content":{"rendered":"<h2>Punteras Cubrezapatillas Spiuk Top Ten Membrana<\/h2>\n<div class=\"value std\">\n<p>Las <strong>Punteras\u00a0Cubrezapatillas de Ciclismo Top Ten Membrana<\/strong> es una soluci\u00f3n pr\u00e1ctica para resguardarse del tiempo en momentos puntuales o en \u00e9pocas de entretiempo. Gracias a su reducido tama\u00f1o puede guardarse f\u00e1cilmente en los bolsillos.<\/p>\n<p>Aporta una excelente protecci\u00f3n windproof y su forro interno ErgodryWarm\u00ae asegura un perfecto mantenimiento t\u00e9rmico.<\/p>\n<\/div>\n<h3 class=\"titleProduct\">Caracter\u00edsticas Punteras Membrana Top Ten Spiuk<\/h3>\n<div class=\"productLongDescription description\">\n<ul>\n<li>Punteras para ciclismo con membrana y que mejora la visibilidad<\/li>\n<li>Concebido para situaciones de fr\u00edo y viento<\/li>\n<li>Tejidos con membrana M2V\u00ae. Refuerzos antiabrasi\u00f3n en la zona inferior<\/li>\n<li>Base semicerrada y pu\u00f1o el\u00e1stico para su fijaci\u00f3n<\/li>\n<li>Reflectantes en laterales y frontal<\/li>\n<\/ul>\n<nav aria-label=\"breadcrumbs\" class=\"rank-math-breadcrumb\"><p><span class=\"last\">Bicycles4ever<\/span><\/p><\/nav>\n<\/div>\n","protected":false},"excerpt":{"rendered":"<p>Punteras Cubrezapatillas Spiuk Top Ten Membrana Las Punteras\u00a0Cubrezapatillas de Ciclismo Top Ten Membrana es una soluci\u00f3n pr\u00e1ctica para resguardarse del tiempo en momentos puntuales o en \u00e9pocas de entretiempo. Gracias a su reducido tama\u00f1o puede guardarse f\u00e1cilmente en los bolsillos. Aporta una excelente protecci\u00f3n windproof y su forro interno ErgodryWarm\u00ae asegura un perfecto mantenimiento t\u00e9rmico. [&#8230;]\n","protected":false},"featured_media":0,"template":"","meta":{"_trash_the_other_posts":false,"editor_notices":[]},"product_brand":[],"product_cat":[468,469],"product_tag":[522],"class_list":{"0":"post-6048","1":"product","2":"type-product","3":"status-publish","5":"product_cat-complementos-spiuk","6":"product_cat-cubrezapatillas-spiuk","7":"product_tag-top-ten-winter","9":"first","10":"instock","11":"taxable","12":"shipping-taxable","13":"product-type-variable"},"_links":{"self":[{"href":"https:\/\/bicycles4ever.com\/fr\/wp-json\/wp\/v2\/product\/6048","targetHints":{"allow":["GET"]}}],"collection":[{"href":"https:\/\/bicycles4ever.com\/fr\/wp-json\/wp\/v2\/product"}],"about":[{"href":"https:\/\/bicycles4ever.com\/fr\/wp-json\/wp\/v2\/types\/product"}],"wp:attachment":[{"href":"https:\/\/bicycles4ever.com\/fr\/wp-json\/wp\/v2\/media?parent=6048"}],"wp:term":[{"taxonomy":"product_brand","embeddable":true,"href":"https:\/\/bicycles4ever.com\/fr\/wp-json\/wp\/v2\/product_brand?post=6048"},{"taxonomy":"product_cat","embeddable":true,"href":"https:\/\/bicycles4ever.com\/fr\/wp-json\/wp\/v2\/product_cat?post=6048"},{"taxonomy":"product_tag","embeddable":true,"href":"https:\/\/bicycles4ever.com\/fr\/wp-json\/wp\/v2\/product_tag?post=6048"}],"curies":[{"name":"wp","href":"https:\/\/api.w.org\/{rel}","templated":true}]}}