{"id":6064,"date":"2021-11-18T12:33:16","date_gmt":"2021-11-18T12:33:16","guid":{"rendered":"https:\/\/bicycles4ever.intercambionaespanha.com\/?post_type=product&amp;p=6064"},"modified":"2021-11-18T12:33:16","modified_gmt":"2021-11-18T12:33:16","slug":"guantes-largos-top-ten-spiuk","status":"publish","type":"product","link":"https:\/\/bicycles4ever.com\/fr\/guantes-largos-top-ten-spiuk\/","title":{"rendered":"Guantes Largos Top Ten Spiuk"},"content":{"rendered":"<h2>Guantes Largos Spiuk Top Ten Membrana<\/h2>\n<div class=\"value std\">\n<p>Los <strong>Guantes de Ciclismo Top Ten membrana<\/strong>\u00a0son nuestra propuesta m\u00e1s vers\u00e1til para inviernos moderados o intensos.<\/p>\n<p>Los guantes Top Ten te permitir\u00e1n disfrutar del ciclismo en los meses de oto\u00f1o, invierno y primavera. Gracias a su membrana M2V\u00ae mantienen a raya el viento y la lluvia. En el interior la capa Ergodry Warm\u00ae te proporciona calidez y protecci\u00f3n. Y su ventilaci\u00f3n directa en la palma previene el sobrecalentamiento en las subidas y grandes esfuerzos. Por eso son una excelente elecci\u00f3n si buscas buenas prestaciones, fiabilidad y est\u00e9tica.<\/p>\n<p>La gama <a title=\"TopTen Winter\" href=\"https:\/\/bicycles4ever.intercambionaespanha.com\/coleccion\/top-ten-winter\/\" target=\"_blank\" rel=\"noopener nofollow\"><strong>TopTen Winter<\/strong><\/a> de Spiuk se caracteriza por hacer especialmente bien lo b\u00e1sico.<\/p>\n<\/div>\n<h3 class=\"titleProduct\">Caracter\u00edsticas Guantes Largos Top Ten Spiuk<\/h3>\n<div class=\"productLongDescription description\">\n<ul>\n<li>Guante largo de ciclismo con membrana y que mejora la visibilidad<\/li>\n<li>Concebido para situaciones de fr\u00edo y viento con posibilidad de lluvia<\/li>\n<li>Capa t\u00e9rmica interior Ergodry Warm\u00ae y dorso con membrana M2V\u00ae<\/li>\n<li>Paneles de GEL, silicona antideslizamiento y ventilaci\u00f3n directa en la palma<\/li>\n<li>Inserciones Touchscreen en \u00edndice y pulgar. Tirador de velcro en mu\u00f1eca<\/li>\n<\/ul>\n<nav aria-label=\"breadcrumbs\" class=\"rank-math-breadcrumb\"><p><span class=\"last\">Bicycles4ever<\/span><\/p><\/nav>\n<\/div>\n","protected":false},"excerpt":{"rendered":"<p>Guantes Largos Spiuk Top Ten Membrana Los Guantes de Ciclismo Top Ten membrana\u00a0son nuestra propuesta m\u00e1s vers\u00e1til para inviernos moderados o intensos. Los guantes Top Ten te permitir\u00e1n disfrutar del ciclismo en los meses de oto\u00f1o, invierno y primavera. Gracias a su membrana M2V\u00ae mantienen a raya el viento y la lluvia. En el interior [&#8230;]\n","protected":false},"featured_media":0,"template":"","meta":{"_trash_the_other_posts":false,"editor_notices":[]},"product_brand":[],"product_cat":[468,477],"product_tag":[522],"class_list":{"0":"post-6064","1":"product","2":"type-product","3":"status-publish","5":"product_cat-complementos-spiuk","6":"product_cat-guantes-spiuk","7":"product_tag-top-ten-winter","9":"first","10":"instock","11":"taxable","12":"shipping-taxable","13":"product-type-variable"},"_links":{"self":[{"href":"https:\/\/bicycles4ever.com\/fr\/wp-json\/wp\/v2\/product\/6064","targetHints":{"allow":["GET"]}}],"collection":[{"href":"https:\/\/bicycles4ever.com\/fr\/wp-json\/wp\/v2\/product"}],"about":[{"href":"https:\/\/bicycles4ever.com\/fr\/wp-json\/wp\/v2\/types\/product"}],"wp:attachment":[{"href":"https:\/\/bicycles4ever.com\/fr\/wp-json\/wp\/v2\/media?parent=6064"}],"wp:term":[{"taxonomy":"product_brand","embeddable":true,"href":"https:\/\/bicycles4ever.com\/fr\/wp-json\/wp\/v2\/product_brand?post=6064"},{"taxonomy":"product_cat","embeddable":true,"href":"https:\/\/bicycles4ever.com\/fr\/wp-json\/wp\/v2\/product_cat?post=6064"},{"taxonomy":"product_tag","embeddable":true,"href":"https:\/\/bicycles4ever.com\/fr\/wp-json\/wp\/v2\/product_tag?post=6064"}],"curies":[{"name":"wp","href":"https:\/\/api.w.org\/{rel}","templated":true}]}}