{"id":6103,"date":"2021-11-19T10:40:20","date_gmt":"2021-11-19T10:40:20","guid":{"rendered":"https:\/\/bicycles4ever.intercambionaespanha.com\/?post_type=product&amp;p=6103"},"modified":"2021-11-19T10:40:20","modified_gmt":"2021-11-19T10:40:20","slug":"chaqueta-impermeable-top-ten-spiuk","status":"publish","type":"product","link":"https:\/\/bicycles4ever.com\/fr\/chaqueta-impermeable-top-ten-spiuk\/","title":{"rendered":"Chaqueta Impermeable Top Ten Spiuk"},"content":{"rendered":"<h2>Chaqueta Impermeable Spiuk Top Ten<\/h2>\n<p>La <strong>Chaqueta Impermeable de Ciclismo Top Ten<\/strong> te mantendr\u00e1 seco si te sorprende un buen chaparr\u00f3n. Adem\u00e1s de la membrana M2V\u00ae, dispone de cremallera waterproof y costuras termoselladas. Te sorprender\u00e1 que una protecci\u00f3n tan efectiva ante la lluvia pueda guardarse en un bolsillo del maillot. Siempre disponible cuando te haga falta.<\/p>\n<p>Si eres un ciclista experimentado, sabes lo que suma tener un buen impermeable en tu repertorio. As\u00ed que el <strong>Impermeable Top Ten Spiuk<\/strong> te va a gustar.<\/p>\n<h3 class=\"titleProduct\">Caracter\u00edsticas Spiuk Chaqueta Impermeable Top Ten<\/h3>\n<div class=\"productLongDescription description\">\n<ul>\n<li>Impermeable\u00a0,de ciclismo a prueba de agua y que mejora la visibilidad<\/li>\n<li>Concebido para permanecer seco en condiciones de lluvia intensa<\/li>\n<li>Tejido de dos capas con membrana M2V\u00ae, costuras termoselladas y cremallera waterproof<\/li>\n<li>Abertura trasera de ventilaci\u00f3n y ajustes el\u00e1sticos en mangas y costados<\/li>\n<li>Gran superficie reflectante para una visibilidad 360\u00ba<\/li>\n<\/ul>\n<nav aria-label=\"breadcrumbs\" class=\"rank-math-breadcrumb\"><p><span class=\"last\">Bicycles4ever<\/span><\/p><\/nav>\n<\/div>\n","protected":false},"excerpt":{"rendered":"<p>Chaqueta Impermeable Spiuk Top Ten La Chaqueta Impermeable de Ciclismo Top Ten te mantendr\u00e1 seco si te sorprende un buen chaparr\u00f3n. Adem\u00e1s de la membrana M2V\u00ae, dispone de cremallera waterproof y costuras termoselladas. Te sorprender\u00e1 que una protecci\u00f3n tan efectiva ante la lluvia pueda guardarse en un bolsillo del maillot. Siempre disponible cuando te haga [&#8230;]\n","protected":false},"featured_media":0,"template":"","meta":{"_trash_the_other_posts":false,"editor_notices":[]},"product_brand":[],"product_cat":[466],"product_tag":[522],"class_list":{"0":"post-6103","1":"product","2":"type-product","3":"status-publish","5":"product_cat-chaquetas-spiuk","6":"product_tag-top-ten-winter","8":"first","9":"instock","10":"taxable","11":"shipping-taxable","12":"product-type-variable"},"_links":{"self":[{"href":"https:\/\/bicycles4ever.com\/fr\/wp-json\/wp\/v2\/product\/6103","targetHints":{"allow":["GET"]}}],"collection":[{"href":"https:\/\/bicycles4ever.com\/fr\/wp-json\/wp\/v2\/product"}],"about":[{"href":"https:\/\/bicycles4ever.com\/fr\/wp-json\/wp\/v2\/types\/product"}],"wp:attachment":[{"href":"https:\/\/bicycles4ever.com\/fr\/wp-json\/wp\/v2\/media?parent=6103"}],"wp:term":[{"taxonomy":"product_brand","embeddable":true,"href":"https:\/\/bicycles4ever.com\/fr\/wp-json\/wp\/v2\/product_brand?post=6103"},{"taxonomy":"product_cat","embeddable":true,"href":"https:\/\/bicycles4ever.com\/fr\/wp-json\/wp\/v2\/product_cat?post=6103"},{"taxonomy":"product_tag","embeddable":true,"href":"https:\/\/bicycles4ever.com\/fr\/wp-json\/wp\/v2\/product_tag?post=6103"}],"curies":[{"name":"wp","href":"https:\/\/api.w.org\/{rel}","templated":true}]}}