{"id":6119,"date":"2021-11-19T11:22:26","date_gmt":"2021-11-19T11:22:26","guid":{"rendered":"https:\/\/bicycles4ever.intercambionaespanha.com\/?post_type=product&amp;p=6119"},"modified":"2021-11-19T11:22:26","modified_gmt":"2021-11-19T11:22:26","slug":"calcetines-largos-invierno-top-ten-spiuk","status":"publish","type":"product","link":"https:\/\/bicycles4ever.com\/fr\/calcetines-largos-invierno-top-ten-spiuk\/","title":{"rendered":"Calcetines Largos Invierno Top Ten Spiuk"},"content":{"rendered":"<h2>Calcetines Largo Spiuk Top Ten Invierno<\/h2>\n<p>Los <strong>Calcetines Largos de Ciclismo Top Ten\u00a0Invierno<\/strong> se caracterizan por hacer especialmente bien aquello que m\u00e1s valoras en invierno: son c\u00f3modos, garantizan tu confort t\u00e9rmico y mejoran la visibilidad.<\/p>\n<p>Los <strong>Calcetines Top Ten Invierno<\/strong> mantienen tus pies en una temperatura confortable. Construidos con hilo Thermolite\u00ae, su fibra hueca resulta muy ligera y retiene el aire creando un aislante t\u00e9rmico excelente. Hemos incluido una banda reflectante 360\u00ba que asoma exactamente entre el pantal\u00f3n y la zapatilla: una sencilla soluci\u00f3n que es un plus en situaciones de baja visibilidad. Est\u00e1n disponibles en dos larguras de ca\u00f1a que hemos medido a conciencia para que no queden solapadas por el pantal\u00f3n y el cubre zapatillas. As\u00ed evitamos una presi\u00f3n excesiva en puntos concretos. Tu comodidad est\u00e1 garantizada.<\/p>\n<h3 class=\"titleProduct\">Caracter\u00edsticas Calcet\u00edn Largo Invierno Top Ten Spiuk<\/h3>\n<div class=\"productLongDescription description\">\n<ul>\n<li>Calcet\u00edn de ciclismo con hilo Thermolite y banda reflectante 360\u00ba<\/li>\n<li>Concebido para \u00e9pocas fr\u00edas y situaciones de baja visibilidad<\/li>\n<li>Hilo Thermolite: termorregulador, transpirable y que absorbe y expulsa el sudor<\/li>\n<li>Estructura de rizo en toda la zona frontal que mejora la termorregulaci\u00f3n<\/li>\n<li>Disponible en ca\u00f1a larga (23 cm) y tambi\u00e9n en ca\u00f1a media (12 cm) para evitar solapamientos<\/li>\n<\/ul>\n<nav aria-label=\"breadcrumbs\" class=\"rank-math-breadcrumb\"><p><span class=\"last\">Bicycles4ever<\/span><\/p><\/nav>\n<\/div>\n","protected":false},"excerpt":{"rendered":"<p>Calcetines Largo Spiuk Top Ten Invierno Los Calcetines Largos de Ciclismo Top Ten\u00a0Invierno se caracterizan por hacer especialmente bien aquello que m\u00e1s valoras en invierno: son c\u00f3modos, garantizan tu confort t\u00e9rmico y mejoran la visibilidad. Los Calcetines Top Ten Invierno mantienen tus pies en una temperatura confortable. Construidos con hilo Thermolite\u00ae, su fibra hueca resulta [&#8230;]\n","protected":false},"featured_media":0,"template":"","meta":{"_trash_the_other_posts":false,"editor_notices":[]},"product_brand":[],"product_cat":[546,468],"product_tag":[522],"class_list":{"0":"post-6119","1":"product","2":"type-product","3":"status-publish","5":"product_cat-calcetines-spiuk","6":"product_cat-complementos-spiuk","7":"product_tag-top-ten-winter","9":"first","10":"instock","11":"taxable","12":"shipping-taxable","13":"product-type-variable"},"_links":{"self":[{"href":"https:\/\/bicycles4ever.com\/fr\/wp-json\/wp\/v2\/product\/6119","targetHints":{"allow":["GET"]}}],"collection":[{"href":"https:\/\/bicycles4ever.com\/fr\/wp-json\/wp\/v2\/product"}],"about":[{"href":"https:\/\/bicycles4ever.com\/fr\/wp-json\/wp\/v2\/types\/product"}],"wp:attachment":[{"href":"https:\/\/bicycles4ever.com\/fr\/wp-json\/wp\/v2\/media?parent=6119"}],"wp:term":[{"taxonomy":"product_brand","embeddable":true,"href":"https:\/\/bicycles4ever.com\/fr\/wp-json\/wp\/v2\/product_brand?post=6119"},{"taxonomy":"product_cat","embeddable":true,"href":"https:\/\/bicycles4ever.com\/fr\/wp-json\/wp\/v2\/product_cat?post=6119"},{"taxonomy":"product_tag","embeddable":true,"href":"https:\/\/bicycles4ever.com\/fr\/wp-json\/wp\/v2\/product_tag?post=6119"}],"curies":[{"name":"wp","href":"https:\/\/api.w.org\/{rel}","templated":true}]}}