{"id":6167,"date":"2021-11-20T22:54:26","date_gmt":"2021-11-20T22:54:26","guid":{"rendered":"https:\/\/bicycles4ever.intercambionaespanha.com\/?post_type=product&amp;p=6167"},"modified":"2021-11-20T22:54:26","modified_gmt":"2021-11-20T22:54:26","slug":"culotte-corto-profit-summer-spiuk","status":"publish","type":"product","link":"https:\/\/bicycles4ever.com\/fr\/culotte-corto-profit-summer-spiuk\/","title":{"rendered":"Culotte Corto Profit Summer Spiuk"},"content":{"rendered":"<h2>Culotte Corto Spiuk Profit Summer<\/h2>\n<p>Si aspiras a mejorar d\u00eda a d\u00eda, entrena al m\u00e1ximo. Y cuida los detalles. Es la m\u00e1xima con la que Spiuk ha desarrollado una prenda como el <strong>Culotte de Ciclismo PROFIT Summer<\/strong>.<\/p>\n<p>Spiuk ha refinado su culotte m\u00e1s pro para que solo pienses en ser r\u00e1pido. La eficiencia y comodidad van de nuestra parte. Por eso empleamos paneles de compresi\u00f3n progresiva Interlink sin costuras ni siliconas a\u00f1adidas: fijan y estabilizan la prenda ante las vibraciones del camino. Y como no hay elemento m\u00e1s importante para la felicidad ciclista que una buena badana, la Paris Hybrid Cell te har\u00e1 sonreir. Disfruta de entrenamientos tan duros como quieras de hasta 7 horas.<\/p>\n<h3 class=\"titleProduct\">Caracter\u00edsticas Culotte Corto Profit Summer Spiuk<\/h3>\n<div class=\"productLongDescription description\">\n<ul>\n<li>Culotte corto con tirantes enfocado en lograr la m\u00e1xima comodidad y eficiencia<\/li>\n<li>Desarrollado para situaciones de esfuerzo f\u00edsico muy intenso y\/o largas distancias<\/li>\n<li>Badana Elastic Interface\u00ae Paris Hybrid Cell, desarrollada para salidas de hasta 7 horas<\/li>\n<li>Paneles con tecnolog\u00eda de baja fricci\u00f3n Interlink que fijan y estabilizan la prenda<\/li>\n<li>Tirantes con bolsillo integrado y perforaciones de corte l\u00e1ser que favorecen la ventilaci\u00f3n<\/li>\n<\/ul>\n<nav aria-label=\"breadcrumbs\" class=\"rank-math-breadcrumb\"><p><span class=\"last\">Bicycles4ever<\/span><\/p><\/nav>\n<\/div>\n","protected":false},"excerpt":{"rendered":"<p>Culotte Corto Spiuk Profit Summer Si aspiras a mejorar d\u00eda a d\u00eda, entrena al m\u00e1ximo. Y cuida los detalles. Es la m\u00e1xima con la que Spiuk ha desarrollado una prenda como el Culotte de Ciclismo PROFIT Summer. Spiuk ha refinado su culotte m\u00e1s pro para que solo pienses en ser r\u00e1pido. La eficiencia y comodidad [&#8230;]\n","protected":false},"featured_media":0,"template":"","meta":{"_trash_the_other_posts":false,"editor_notices":[]},"product_brand":[],"product_cat":[549,470],"product_tag":[505],"class_list":{"0":"post-6167","1":"product","2":"type-product","3":"status-publish","5":"product_cat-culottes-cortos-spiuk","6":"product_cat-culottes-spiuk","7":"product_tag-profit-summer","9":"first","10":"instock","11":"taxable","12":"shipping-taxable","13":"product-type-variable"},"_links":{"self":[{"href":"https:\/\/bicycles4ever.com\/fr\/wp-json\/wp\/v2\/product\/6167","targetHints":{"allow":["GET"]}}],"collection":[{"href":"https:\/\/bicycles4ever.com\/fr\/wp-json\/wp\/v2\/product"}],"about":[{"href":"https:\/\/bicycles4ever.com\/fr\/wp-json\/wp\/v2\/types\/product"}],"wp:attachment":[{"href":"https:\/\/bicycles4ever.com\/fr\/wp-json\/wp\/v2\/media?parent=6167"}],"wp:term":[{"taxonomy":"product_brand","embeddable":true,"href":"https:\/\/bicycles4ever.com\/fr\/wp-json\/wp\/v2\/product_brand?post=6167"},{"taxonomy":"product_cat","embeddable":true,"href":"https:\/\/bicycles4ever.com\/fr\/wp-json\/wp\/v2\/product_cat?post=6167"},{"taxonomy":"product_tag","embeddable":true,"href":"https:\/\/bicycles4ever.com\/fr\/wp-json\/wp\/v2\/product_tag?post=6167"}],"curies":[{"name":"wp","href":"https:\/\/api.w.org\/{rel}","templated":true}]}}