{"id":6178,"date":"2021-11-20T23:15:44","date_gmt":"2021-11-20T23:15:44","guid":{"rendered":"https:\/\/bicycles4ever.intercambionaespanha.com\/?post_type=product&amp;p=6178"},"modified":"2021-11-20T23:15:44","modified_gmt":"2021-11-20T23:15:44","slug":"maillot-profit-summer-spiuk","status":"publish","type":"product","link":"https:\/\/bicycles4ever.com\/fr\/maillot-profit-summer-spiuk\/","title":{"rendered":"Maillot Profit Summer Spiuk"},"content":{"rendered":"<h2>Maillot Manga Corta Spiuk Profit Summer<\/h2>\n<p>El calor y la humedad son condiciones que te ponen a prueba. Casi tanto como una pendiente al 18%. El <strong>Maillot de Ciclismo PROFIT Summer<\/strong>\u00a0dar\u00e1 el m\u00e1ximo cuando t\u00fa tambi\u00e9n debas hacerlo.<\/p>\n<p>El amplio panel de rejilla en el frontal del <strong>Maillot Profit Summer<\/strong> permite que el aire fluya alrededor del cuerpo: la ventilaci\u00f3n ser\u00e1 extraordinaria en momentos de m\u00e1ximo esfuerzo. Tu posici\u00f3n sobre la bici ser\u00e1 perfecta gracias al patr\u00f3n m\u00e1s racing que hayamos desarrollado jam\u00e1s. Y la combinaci\u00f3n de paneles traseros y tejidos biel\u00e1sticos fijan la prenda como una segunda piel. Evitar\u00e1s esos inc\u00f3modos y poco aerodin\u00e1micos aleteos. Dise\u00f1ado para competir y entrenar como un pro.<\/p>\n<h3 class=\"titleProduct\">Caracter\u00edsticas Maillot Summer Spiuk<\/h3>\n<div class=\"productLongDescription description\">\n<ul>\n<li>Maillot de manga corta para aquellos que buscan una refrigeraci\u00f3n superior<\/li>\n<li>Desarrollado para situaciones de esfuerzo f\u00edsico muy intenso y\/o altas temperaturas<\/li>\n<li>Paneles frontales de rejilla para una excelente ventilaci\u00f3n<\/li>\n<li>Paneles traseros que fijan y estabilizan la prenda y los bolsillos<\/li>\n<li>Mangas biel\u00e1sticas y de corte vivo que se ajustan perfectamente sin puntos de presi\u00f3n<\/li>\n<\/ul>\n<nav aria-label=\"breadcrumbs\" class=\"rank-math-breadcrumb\"><p><span class=\"last\">Bicycles4ever<\/span><\/p><\/nav>\n<\/div>\n","protected":false},"excerpt":{"rendered":"<p>Maillot Manga Corta Spiuk Profit Summer El calor y la humedad son condiciones que te ponen a prueba. Casi tanto como una pendiente al 18%. El Maillot de Ciclismo PROFIT Summer\u00a0dar\u00e1 el m\u00e1ximo cuando t\u00fa tambi\u00e9n debas hacerlo. El amplio panel de rejilla en el frontal del Maillot Profit Summer permite que el aire fluya [&#8230;]\n","protected":false},"featured_media":0,"template":"","meta":{"_trash_the_other_posts":false,"editor_notices":[]},"product_brand":[],"product_cat":[552,492],"product_tag":[505],"class_list":{"0":"post-6178","1":"product","2":"type-product","3":"status-publish","5":"product_cat-maillots-manga-corta-spiuk","6":"product_cat-maillots-spiuk","7":"product_tag-profit-summer","9":"first","10":"instock","11":"taxable","12":"shipping-taxable","13":"product-type-variable"},"_links":{"self":[{"href":"https:\/\/bicycles4ever.com\/fr\/wp-json\/wp\/v2\/product\/6178","targetHints":{"allow":["GET"]}}],"collection":[{"href":"https:\/\/bicycles4ever.com\/fr\/wp-json\/wp\/v2\/product"}],"about":[{"href":"https:\/\/bicycles4ever.com\/fr\/wp-json\/wp\/v2\/types\/product"}],"wp:attachment":[{"href":"https:\/\/bicycles4ever.com\/fr\/wp-json\/wp\/v2\/media?parent=6178"}],"wp:term":[{"taxonomy":"product_brand","embeddable":true,"href":"https:\/\/bicycles4ever.com\/fr\/wp-json\/wp\/v2\/product_brand?post=6178"},{"taxonomy":"product_cat","embeddable":true,"href":"https:\/\/bicycles4ever.com\/fr\/wp-json\/wp\/v2\/product_cat?post=6178"},{"taxonomy":"product_tag","embeddable":true,"href":"https:\/\/bicycles4ever.com\/fr\/wp-json\/wp\/v2\/product_tag?post=6178"}],"curies":[{"name":"wp","href":"https:\/\/api.w.org\/{rel}","templated":true}]}}