{"id":6195,"date":"2021-11-20T23:33:07","date_gmt":"2021-11-20T23:33:07","guid":{"rendered":"https:\/\/bicycles4ever.intercambionaespanha.com\/?post_type=product&amp;p=6195"},"modified":"2021-11-20T23:33:07","modified_gmt":"2021-11-20T23:33:07","slug":"calcetines-largos-profit-summer-spiuk","status":"publish","type":"product","link":"https:\/\/bicycles4ever.com\/fr\/calcetines-largos-profit-summer-spiuk\/","title":{"rendered":"Calcetines Largos Profit Summer Spiuk"},"content":{"rendered":"<h2>Calcetines Largos Spiuk Profit Summer<\/h2>\n<p>El <strong>Calcet\u00edn de Ciclismo PROFIT Summer<\/strong> est\u00e1 dise\u00f1ado para entrenar y competir en jornadas de calor y humedad. Gracias a su estructura Airflow Architecture, logramos crear flujos de aire que refrigeran y evacuan el sudor de forma eficaz. En su construcci\u00f3n empleamos diferentes texturas y densidades. As\u00ed tu pie se mantendr\u00e1 perfectamente sujeto en el interior. La transmisi\u00f3n de potencia ser\u00e1 excelente y tu rendimiento, inapelable.<\/p>\n<p>Los Calcetines PROFIT Summer est\u00e1n disponibles en versi\u00f3n de ca\u00f1a alta.<\/p>\n<h3 class=\"titleProduct\">Caracter\u00edsticas Calcet\u00edn Largo Profit Summer Spiuk<\/h3>\n<div class=\"productLongDescription description\">\n<ul>\n<li>Calcet\u00edn de ca\u00f1a alta de refrigeraci\u00f3n excepcional con hilo\u00a0<strong>Meryl\u00ae Skinlife<\/strong><\/li>\n<li>Ideal para rebajar la sensaci\u00f3n t\u00e9rmica en los meses m\u00e1s calurosos<\/li>\n<li>Controla el olor gracias al hilo antibacteriano\u00a0<strong>Meryl\u00ae Skinlife<\/strong><\/li>\n<li>Estructura interna\u00a0<strong>Airflow Architecture<\/strong>, crea flujos de aire que refrigeran el pie<\/li>\n<li>Dise\u00f1ados para una perfecta compatibilidad con la <strong>Zapatilla Carretera Profit RC Spiuk<\/strong>.<\/li>\n<li>24 cm de ca\u00f1a<\/li>\n<\/ul>\n<nav aria-label=\"breadcrumbs\" class=\"rank-math-breadcrumb\"><p><span class=\"last\">Bicycles4ever<\/span><\/p><\/nav>\n<\/div>\n","protected":false},"excerpt":{"rendered":"<p>Calcetines Largos Spiuk Profit Summer El Calcet\u00edn de Ciclismo PROFIT Summer est\u00e1 dise\u00f1ado para entrenar y competir en jornadas de calor y humedad. Gracias a su estructura Airflow Architecture, logramos crear flujos de aire que refrigeran y evacuan el sudor de forma eficaz. En su construcci\u00f3n empleamos diferentes texturas y densidades. As\u00ed tu pie se [&#8230;]\n","protected":false},"featured_media":0,"template":"","meta":{"_trash_the_other_posts":false,"editor_notices":[]},"product_brand":[],"product_cat":[546,468],"product_tag":[505],"class_list":{"0":"post-6195","1":"product","2":"type-product","3":"status-publish","5":"product_cat-calcetines-spiuk","6":"product_cat-complementos-spiuk","7":"product_tag-profit-summer","9":"first","10":"instock","11":"taxable","12":"shipping-taxable","13":"product-type-variable"},"_links":{"self":[{"href":"https:\/\/bicycles4ever.com\/fr\/wp-json\/wp\/v2\/product\/6195","targetHints":{"allow":["GET"]}}],"collection":[{"href":"https:\/\/bicycles4ever.com\/fr\/wp-json\/wp\/v2\/product"}],"about":[{"href":"https:\/\/bicycles4ever.com\/fr\/wp-json\/wp\/v2\/types\/product"}],"wp:attachment":[{"href":"https:\/\/bicycles4ever.com\/fr\/wp-json\/wp\/v2\/media?parent=6195"}],"wp:term":[{"taxonomy":"product_brand","embeddable":true,"href":"https:\/\/bicycles4ever.com\/fr\/wp-json\/wp\/v2\/product_brand?post=6195"},{"taxonomy":"product_cat","embeddable":true,"href":"https:\/\/bicycles4ever.com\/fr\/wp-json\/wp\/v2\/product_cat?post=6195"},{"taxonomy":"product_tag","embeddable":true,"href":"https:\/\/bicycles4ever.com\/fr\/wp-json\/wp\/v2\/product_tag?post=6195"}],"curies":[{"name":"wp","href":"https:\/\/api.w.org\/{rel}","templated":true}]}}