{"id":6220,"date":"2021-11-21T00:11:27","date_gmt":"2021-11-21T00:11:27","guid":{"rendered":"https:\/\/bicycles4ever.intercambionaespanha.com\/?post_type=product&amp;p=6220"},"modified":"2021-11-21T00:11:27","modified_gmt":"2021-11-21T00:11:27","slug":"guantes-profit-summer-spiuk","status":"publish","type":"product","link":"https:\/\/bicycles4ever.com\/fr\/guantes-profit-summer-spiuk\/","title":{"rendered":"Guantes Profit Summer Spiuk"},"content":{"rendered":"<h2>Gorra Ciclista Spiuk Profit Summer<\/h2>\n<p>El\u00a0<strong>guante<\/strong> ideal del ciclista exigente. Los <strong>Guantes de Ciclismo Profit Summer<\/strong>\u00a0es c\u00f3modo, ligero y tiene el volumen justo para que est\u00e9s perfectamente conectado con tu bici.<\/p>\n<p>El panel viscoel\u00e1stico de los <strong>Guantes Profit Summer<\/strong> hace que vibraciones e impactos queden relegados al olvido. Pero el dise\u00f1o extraplano de la palma permite sentir un acople perfecto. Un control total sobre la m\u00e1quina. El tejido biel\u00e1stico y sin costuras que utilizamos en el dorso de la mano se fija como una segunda piel. Disfruta de unos guantes de categor\u00eda pro, aunque parezca que no los lleves puestos.<\/p>\n<h3 class=\"titleProduct\">Caracter\u00edsticas Guantes Profit Summer Spiuk<\/h3>\n<div class=\"productLongDescription description\">\n<ul>\n<li>Guante corto con acolchado sin costuras<\/li>\n<li>Ideal para los que buscan el m\u00e1ximo confort de uso<\/li>\n<li>Paneles viscoel\u00e1sticos ,para una excelente absorci\u00f3n de vibraciones<\/li>\n<li>Tejido ErgodryFresh\u00ae que protege del calor<\/li>\n<li>Cierre en pu\u00f1o con velcro y tiradores integrados para su extracci\u00f3n<\/li>\n<\/ul>\n<nav aria-label=\"breadcrumbs\" class=\"rank-math-breadcrumb\"><p><span class=\"last\">Bicycles4ever<\/span><\/p><\/nav>\n<\/div>\n","protected":false},"excerpt":{"rendered":"<p>Gorra Ciclista Spiuk Profit Summer El\u00a0guante ideal del ciclista exigente. Los Guantes de Ciclismo Profit Summer\u00a0es c\u00f3modo, ligero y tiene el volumen justo para que est\u00e9s perfectamente conectado con tu bici. El panel viscoel\u00e1stico de los Guantes Profit Summer hace que vibraciones e impactos queden relegados al olvido. Pero el dise\u00f1o extraplano de la palma [&#8230;]\n","protected":false},"featured_media":0,"template":"","meta":{"_trash_the_other_posts":false,"editor_notices":[]},"product_brand":[],"product_cat":[468,477],"product_tag":[505],"class_list":{"0":"post-6220","1":"product","2":"type-product","3":"status-publish","5":"product_cat-complementos-spiuk","6":"product_cat-guantes-spiuk","7":"product_tag-profit-summer","9":"first","10":"instock","11":"taxable","12":"shipping-taxable","13":"product-type-variable"},"_links":{"self":[{"href":"https:\/\/bicycles4ever.com\/fr\/wp-json\/wp\/v2\/product\/6220","targetHints":{"allow":["GET"]}}],"collection":[{"href":"https:\/\/bicycles4ever.com\/fr\/wp-json\/wp\/v2\/product"}],"about":[{"href":"https:\/\/bicycles4ever.com\/fr\/wp-json\/wp\/v2\/types\/product"}],"wp:attachment":[{"href":"https:\/\/bicycles4ever.com\/fr\/wp-json\/wp\/v2\/media?parent=6220"}],"wp:term":[{"taxonomy":"product_brand","embeddable":true,"href":"https:\/\/bicycles4ever.com\/fr\/wp-json\/wp\/v2\/product_brand?post=6220"},{"taxonomy":"product_cat","embeddable":true,"href":"https:\/\/bicycles4ever.com\/fr\/wp-json\/wp\/v2\/product_cat?post=6220"},{"taxonomy":"product_tag","embeddable":true,"href":"https:\/\/bicycles4ever.com\/fr\/wp-json\/wp\/v2\/product_tag?post=6220"}],"curies":[{"name":"wp","href":"https:\/\/api.w.org\/{rel}","templated":true}]}}