{"id":6230,"date":"2021-11-21T00:32:32","date_gmt":"2021-11-21T00:32:32","guid":{"rendered":"https:\/\/bicycles4ever.intercambionaespanha.com\/?post_type=product&amp;p=6230"},"modified":"2021-11-21T00:32:32","modified_gmt":"2021-11-21T00:32:32","slug":"maillot-manga-larga-anatomic-spiuk","status":"publish","type":"product","link":"https:\/\/bicycles4ever.com\/fr\/maillot-manga-larga-anatomic-spiuk\/","title":{"rendered":"Maillot Manga Larga Anatomic Spiuk"},"content":{"rendered":"<h2>Maillot Manga Larga Spiuk Anatomic<\/h2>\n<p>El <strong>Maillot Manga Larga de Ciclismo Anatomic<\/strong> es elegante y vers\u00e1til. Y gracias a nuestro tejido SensodryWarm\u00ae, una protecci\u00f3n b\u00e1sica cuando el fr\u00edo va a medio gas. La prenda definitiva para inviernos suaves.<\/p>\n<p>El <strong>Maillot Anatomic de invierno<\/strong> tambi\u00e9n funciona como capa intermedia si necesitas una prenda m\u00e1s espec\u00edfica: un paravientos o chaqueta, por ejemplo. Su elasticidad y ligereza facilitan cualquier combinaci\u00f3n. Y si hay posibilidad de lluvia, gu\u00e1rdate un chubasquero en alguno de sus 2 bolsillos de rejilla. Y varias piezas de fruta en sus 3 bolsillos exteriores. \u00a1Con este maillot la jornada podr\u00eda alargarse m\u00e1s de lo que imaginas!<\/p>\n<h3 class=\"titleProduct\">Caracter\u00edsticas Maillot de Manga Larga Anatomic Spiuk<\/h3>\n<div class=\"productLongDescription description\">\n<ul>\n<li>Maillot ideal para climas con inviernos suaves. Perfecto como capa externa para situaciones sin viento.<\/li>\n<li>Gracias a su elasticidad y fino grosor, es ideal como capa intermedia si se optan por vestir 3 capas combin\u00e1ndola con una prenda paravientos y\/o a prueba de lluvia cuando las condiciones climatol\u00f3gicas son m\u00e1s duras.<\/li>\n<li>Ofrece una buena protecci\u00f3n contra el fr\u00edo y capacidad de termorregulaci\u00f3n gracias a su tejido SensodryWarm\u00ae.<\/li>\n<li>3 bolsillos exteriores y otros\u00a0,2 en rejilla para guardar el chaleco, paravientos ligero, etc.<\/li>\n<li>Elementos reflectantes para mayor visibilidad.<\/li>\n<\/ul>\n<nav aria-label=\"breadcrumbs\" class=\"rank-math-breadcrumb\"><p><span class=\"last\">Bicycles4ever<\/span><\/p><\/nav>\n<\/div>\n","protected":false},"excerpt":{"rendered":"<p>Maillot Manga Larga Spiuk Anatomic El Maillot Manga Larga de Ciclismo Anatomic es elegante y vers\u00e1til. Y gracias a nuestro tejido SensodryWarm\u00ae, una protecci\u00f3n b\u00e1sica cuando el fr\u00edo va a medio gas. La prenda definitiva para inviernos suaves. El Maillot Anatomic de invierno tambi\u00e9n funciona como capa intermedia si necesitas una prenda m\u00e1s espec\u00edfica: un [&#8230;]\n","protected":false},"featured_media":0,"template":"","meta":{"_trash_the_other_posts":false,"editor_notices":[]},"product_brand":[],"product_cat":[553,492],"product_tag":[448],"class_list":{"0":"post-6230","1":"product","2":"type-product","3":"status-publish","5":"product_cat-maillots-manga-larga-spiuk","6":"product_cat-maillots-spiuk","7":"product_tag-anatomic-winter","9":"first","10":"instock","11":"taxable","12":"shipping-taxable","13":"product-type-variable"},"_links":{"self":[{"href":"https:\/\/bicycles4ever.com\/fr\/wp-json\/wp\/v2\/product\/6230","targetHints":{"allow":["GET"]}}],"collection":[{"href":"https:\/\/bicycles4ever.com\/fr\/wp-json\/wp\/v2\/product"}],"about":[{"href":"https:\/\/bicycles4ever.com\/fr\/wp-json\/wp\/v2\/types\/product"}],"wp:attachment":[{"href":"https:\/\/bicycles4ever.com\/fr\/wp-json\/wp\/v2\/media?parent=6230"}],"wp:term":[{"taxonomy":"product_brand","embeddable":true,"href":"https:\/\/bicycles4ever.com\/fr\/wp-json\/wp\/v2\/product_brand?post=6230"},{"taxonomy":"product_cat","embeddable":true,"href":"https:\/\/bicycles4ever.com\/fr\/wp-json\/wp\/v2\/product_cat?post=6230"},{"taxonomy":"product_tag","embeddable":true,"href":"https:\/\/bicycles4ever.com\/fr\/wp-json\/wp\/v2\/product_tag?post=6230"}],"curies":[{"name":"wp","href":"https:\/\/api.w.org\/{rel}","templated":true}]}}