{"id":6248,"date":"2021-11-21T00:51:37","date_gmt":"2021-11-21T00:51:37","guid":{"rendered":"https:\/\/bicycles4ever.intercambionaespanha.com\/?post_type=product&amp;p=6248"},"modified":"2021-11-21T00:51:37","modified_gmt":"2021-11-21T00:51:37","slug":"culotte-largo-anatomic-spiuk","status":"publish","type":"product","link":"https:\/\/bicycles4ever.com\/fr\/culotte-largo-anatomic-spiuk\/","title":{"rendered":"Culotte Largo Anatomic Spiuk"},"content":{"rendered":"<h2>Culotte Largo Spiuk Anatomic<\/h2>\n<p>El <strong>Culotte Largo de Ciclismo Anatomic<\/strong> evita lo superfluo. Su sencillez es su fortaleza: es c\u00e1lido, c\u00f3modo y duradero. Ser\u00e1 tu favorito por varios inviernos.<\/p>\n<p>Te has animado a salir en invierno. Pero el hecho de pasar fr\u00edo puede volver a desmoralizarte. As\u00ed que en el <strong>Culotte Largo Anatomic<\/strong> Spiuk ha empleado su tejido ErgodryWarm\u00ae. Te aislar\u00e1 de las bajas temperaturas. Y no te preocupes por el confort. Se trata de un tejido biel\u00e1stico con un cardado interior muy agradable al tacto. Se te acaban las excusas para no salir en invierno\u2026<\/p>\n<h3 class=\"titleProduct\">Caracter\u00edsticas Culotte Largo Anatomic Spiuk<\/h3>\n<div class=\"productLongDescription description\">\n<ul>\n<li>Pantal\u00f3n de invierno construido con tejido biel\u00e1stico ErgodryWarm\u00ae con cardado interior para un buen aislamiento t\u00e9rmico<\/li>\n<li>Badana 300 Line\u00a0,optimizada para salidas de hasta 3 horas<\/li>\n<li>Tirantes ribeteados y espalda en rejilla para una mejor evacuaci\u00f3n de la transpiraci\u00f3n<\/li>\n<li>Acabado con costuras planas<\/li>\n<li>Elementos reflectantes para una mayor visibilidad y seguridad tanto en monta\u00f1a como en carretera<\/li>\n<\/ul>\n<nav aria-label=\"breadcrumbs\" class=\"rank-math-breadcrumb\"><p><span class=\"last\">Bicycles4ever<\/span><\/p><\/nav>\n<\/div>\n","protected":false},"excerpt":{"rendered":"<p>Culotte Largo Spiuk Anatomic El Culotte Largo de Ciclismo Anatomic evita lo superfluo. Su sencillez es su fortaleza: es c\u00e1lido, c\u00f3modo y duradero. Ser\u00e1 tu favorito por varios inviernos. Te has animado a salir en invierno. Pero el hecho de pasar fr\u00edo puede volver a desmoralizarte. As\u00ed que en el Culotte Largo Anatomic Spiuk ha [&#8230;]\n","protected":false},"featured_media":0,"template":"","meta":{"_trash_the_other_posts":false,"editor_notices":[]},"product_brand":[],"product_cat":[550,470],"product_tag":[448],"class_list":{"0":"post-6248","1":"product","2":"type-product","3":"status-publish","5":"product_cat-culottes-largos-spiuk","6":"product_cat-culottes-spiuk","7":"product_tag-anatomic-winter","9":"first","10":"instock","11":"taxable","12":"shipping-taxable","13":"product-type-variable"},"_links":{"self":[{"href":"https:\/\/bicycles4ever.com\/fr\/wp-json\/wp\/v2\/product\/6248","targetHints":{"allow":["GET"]}}],"collection":[{"href":"https:\/\/bicycles4ever.com\/fr\/wp-json\/wp\/v2\/product"}],"about":[{"href":"https:\/\/bicycles4ever.com\/fr\/wp-json\/wp\/v2\/types\/product"}],"wp:attachment":[{"href":"https:\/\/bicycles4ever.com\/fr\/wp-json\/wp\/v2\/media?parent=6248"}],"wp:term":[{"taxonomy":"product_brand","embeddable":true,"href":"https:\/\/bicycles4ever.com\/fr\/wp-json\/wp\/v2\/product_brand?post=6248"},{"taxonomy":"product_cat","embeddable":true,"href":"https:\/\/bicycles4ever.com\/fr\/wp-json\/wp\/v2\/product_cat?post=6248"},{"taxonomy":"product_tag","embeddable":true,"href":"https:\/\/bicycles4ever.com\/fr\/wp-json\/wp\/v2\/product_tag?post=6248"}],"curies":[{"name":"wp","href":"https:\/\/api.w.org\/{rel}","templated":true}]}}