{"id":6257,"date":"2021-11-21T01:21:42","date_gmt":"2021-11-21T01:21:42","guid":{"rendered":"https:\/\/bicycles4ever.intercambionaespanha.com\/?post_type=product&amp;p=6257"},"modified":"2021-11-21T01:21:42","modified_gmt":"2021-11-21T01:21:42","slug":"chaqueta-membrana-anatomic-spiuk","status":"publish","type":"product","link":"https:\/\/bicycles4ever.com\/fr\/chaqueta-membrana-anatomic-spiuk\/","title":{"rendered":"Chaqueta Membrana Anatomic Spiuk"},"content":{"rendered":"<h2>Chaqueta Membrana Spiuk Anatomic<\/h2>\n<p>La <strong>Chaqueta de Ciclismo Anatomic<\/strong> es tan funcional como elegante. Combina la protecci\u00f3n contra viento y lluvia que necesitas\u2026 con la est\u00e9tica impecable que deseas. La membrana M2V\u00ae te mantendr\u00e1 protegido del fr\u00edo invierno. El elegante detalle iridiscente del pecho har\u00e1 el resto. M\u00e1rcate un tanto en la grupeta y recu\u00e9rdales que \u201cno hay mal tiempo, solo ropa inadecuada\u201d.<\/p>\n<p>En invierno cuesta m\u00e1s salir en bici. Bajas temperaturas, lluvia\u2026 As\u00ed que cuando te animas, hay dos cosas que no te puedes permitir: pasar fr\u00edo y parecer un globero.<\/p>\n<h3 class=\"titleProduct\">Caracter\u00edsticas Chaqueta Membrana Anatomic Spiuk<\/h3>\n<div class=\"productLongDescription description\">\n<ul>\n<li>Chaqueta t\u00e9rmica y paravientos con tejido de 3 capas<\/li>\n<li>La capa externa ofrece una primera barrera contra agua y lluvias poco intensas gracias a su tratamiento hidro-repelente<\/li>\n<li>La capa intermedia con membrana transpirable M2V ofrece un perfecto aislamiento contra lluvia y viento<\/li>\n<li>La capa interna SensodryWarm\u00ae en forro polar atrapa el calor asegurando un excelente mantenimiento t\u00e9rmico<\/li>\n<li>Incorpora 3 bolsillos exteriores y elementos reflectantes para una mayor visibilidad<\/li>\n<\/ul>\n<nav aria-label=\"breadcrumbs\" class=\"rank-math-breadcrumb\"><p><span class=\"last\">Bicycles4ever<\/span><\/p><\/nav>\n<\/div>\n","protected":false},"excerpt":{"rendered":"<p>Chaqueta Membrana Spiuk Anatomic La Chaqueta de Ciclismo Anatomic es tan funcional como elegante. Combina la protecci\u00f3n contra viento y lluvia que necesitas\u2026 con la est\u00e9tica impecable que deseas. La membrana M2V\u00ae te mantendr\u00e1 protegido del fr\u00edo invierno. El elegante detalle iridiscente del pecho har\u00e1 el resto. M\u00e1rcate un tanto en la grupeta y recu\u00e9rdales [&#8230;]\n","protected":false},"featured_media":0,"template":"","meta":{"_trash_the_other_posts":false,"editor_notices":[]},"product_brand":[],"product_cat":[466],"product_tag":[448],"class_list":{"0":"post-6257","1":"product","2":"type-product","3":"status-publish","5":"product_cat-chaquetas-spiuk","6":"product_tag-anatomic-winter","8":"first","9":"instock","10":"taxable","11":"shipping-taxable","12":"product-type-variable"},"_links":{"self":[{"href":"https:\/\/bicycles4ever.com\/fr\/wp-json\/wp\/v2\/product\/6257","targetHints":{"allow":["GET"]}}],"collection":[{"href":"https:\/\/bicycles4ever.com\/fr\/wp-json\/wp\/v2\/product"}],"about":[{"href":"https:\/\/bicycles4ever.com\/fr\/wp-json\/wp\/v2\/types\/product"}],"wp:attachment":[{"href":"https:\/\/bicycles4ever.com\/fr\/wp-json\/wp\/v2\/media?parent=6257"}],"wp:term":[{"taxonomy":"product_brand","embeddable":true,"href":"https:\/\/bicycles4ever.com\/fr\/wp-json\/wp\/v2\/product_brand?post=6257"},{"taxonomy":"product_cat","embeddable":true,"href":"https:\/\/bicycles4ever.com\/fr\/wp-json\/wp\/v2\/product_cat?post=6257"},{"taxonomy":"product_tag","embeddable":true,"href":"https:\/\/bicycles4ever.com\/fr\/wp-json\/wp\/v2\/product_tag?post=6257"}],"curies":[{"name":"wp","href":"https:\/\/api.w.org\/{rel}","templated":true}]}}