{"id":6273,"date":"2021-11-21T02:00:24","date_gmt":"2021-11-21T02:00:24","guid":{"rendered":"https:\/\/bicycles4ever.intercambionaespanha.com\/?post_type=product&amp;p=6273"},"modified":"2021-11-21T02:00:24","modified_gmt":"2021-11-21T02:00:24","slug":"culotte-pirata-anatomic-spiuk","status":"publish","type":"product","link":"https:\/\/bicycles4ever.com\/fr\/culotte-pirata-anatomic-spiuk\/","title":{"rendered":"Culotte Pirata Anatomic Spiuk"},"content":{"rendered":"<h2>Culotte Pirata Spiuk Anatomic<\/h2>\n<p>El <strong>Culotte Pirata de Ciclismo Anatomic <\/strong>puede parecer uno de los productos m\u00e1s simples de la l\u00ednea Spiuk. Por eso es tan bueno en lo b\u00e1sico: es c\u00e1lido y c\u00f3modo. Y aguantar\u00e1 sin quejas varios inviernos.<\/p>\n<p>Con el pirata Anatomic de invierno tienes una buena raz\u00f3n para salir de la zona de confort. En su confecci\u00f3n hemos empleado nuestro tejido ErgodryWarm\u00ae. Su cardado interior te aislar\u00e1 de las bajas temperaturas. No te preocupes por tu comodidad, ya que es un tejido biel\u00e1stico y de tacto agradable. Pirata Anatomic: 1 \u2013 Excusas invernales: 0.<\/p>\n<h3 class=\"titleProduct\">Caracter\u00edsticas Culotte Pirata Anatomic Spiuk<\/h3>\n<div class=\"productLongDescription description\">\n<ul>\n<li>Culotte Pirata de invierno construido con tejido biel\u00e1stico ErgodryWarm\u00ae con cardado interior para un buen aislamiento t\u00e9rmico<\/li>\n<li>Badana 300 Line\u00a0,optimizada para salidas de hasta 3 horas<\/li>\n<li>Tirantes ribeteados y espalda en rejilla para una mejor evacuaci\u00f3n de la transpiraci\u00f3n<\/li>\n<li>Acabado con costuras planas<\/li>\n<li>Elementos reflectantes para mayor visibilidad y seguridad tanto en monta\u00f1a como en carretera<\/li>\n<\/ul>\n<nav aria-label=\"breadcrumbs\" class=\"rank-math-breadcrumb\"><p><span class=\"last\">Bicycles4ever<\/span><\/p><\/nav>\n<\/div>\n","protected":false},"excerpt":{"rendered":"<p>Culotte Pirata Spiuk Anatomic El Culotte Pirata de Ciclismo Anatomic puede parecer uno de los productos m\u00e1s simples de la l\u00ednea Spiuk. Por eso es tan bueno en lo b\u00e1sico: es c\u00e1lido y c\u00f3modo. Y aguantar\u00e1 sin quejas varios inviernos. Con el pirata Anatomic de invierno tienes una buena raz\u00f3n para salir de la zona [&#8230;]\n","protected":false},"featured_media":0,"template":"","meta":{"_trash_the_other_posts":false,"editor_notices":[]},"product_brand":[],"product_cat":[550,470],"product_tag":[448],"class_list":{"0":"post-6273","1":"product","2":"type-product","3":"status-publish","5":"product_cat-culottes-largos-spiuk","6":"product_cat-culottes-spiuk","7":"product_tag-anatomic-winter","9":"first","10":"instock","11":"taxable","12":"shipping-taxable","13":"product-type-variable"},"_links":{"self":[{"href":"https:\/\/bicycles4ever.com\/fr\/wp-json\/wp\/v2\/product\/6273","targetHints":{"allow":["GET"]}}],"collection":[{"href":"https:\/\/bicycles4ever.com\/fr\/wp-json\/wp\/v2\/product"}],"about":[{"href":"https:\/\/bicycles4ever.com\/fr\/wp-json\/wp\/v2\/types\/product"}],"wp:attachment":[{"href":"https:\/\/bicycles4ever.com\/fr\/wp-json\/wp\/v2\/media?parent=6273"}],"wp:term":[{"taxonomy":"product_brand","embeddable":true,"href":"https:\/\/bicycles4ever.com\/fr\/wp-json\/wp\/v2\/product_brand?post=6273"},{"taxonomy":"product_cat","embeddable":true,"href":"https:\/\/bicycles4ever.com\/fr\/wp-json\/wp\/v2\/product_cat?post=6273"},{"taxonomy":"product_tag","embeddable":true,"href":"https:\/\/bicycles4ever.com\/fr\/wp-json\/wp\/v2\/product_tag?post=6273"}],"curies":[{"name":"wp","href":"https:\/\/api.w.org\/{rel}","templated":true}]}}