{"id":6298,"date":"2021-11-21T03:04:41","date_gmt":"2021-11-21T03:04:41","guid":{"rendered":"https:\/\/bicycles4ever.intercambionaespanha.com\/?post_type=product&amp;p=6298"},"modified":"2021-11-21T03:04:41","modified_gmt":"2021-11-21T03:04:41","slug":"calcetines-largos-invierno-anatomic-spiuk-pack-de-2","status":"publish","type":"product","link":"https:\/\/bicycles4ever.com\/fr\/calcetines-largos-invierno-anatomic-spiuk-pack-de-2\/","title":{"rendered":"Calcetines Largos Invierno Anatomic Spiuk (Pack de 2)"},"content":{"rendered":"<h2>Calcetines Largo Spiuk Anatomic Invierno<\/h2>\n<p>Los <strong>Calcetines Largos de Ciclismo Anatomic Invierno<\/strong>\u00a0son muy funcionales. Son perfectos para los meses m\u00e1s fr\u00edos del a\u00f1o. En su producci\u00f3n, empleamos un hilo de poli\u00e9ster reciclado que es respetuoso con el medio ambiente. Pero te interesar\u00e1 saber que adem\u00e1s absorbe y expulsa el sudor para lograr una excelente termorregulaci\u00f3n. Una buena opci\u00f3n para no quedarte sin salir a rodar en invierno.<\/p>\n<h3 class=\"titleProduct\">Caracter\u00edsticas Spiuk\u00a0 Calcet\u00edn Largo Invierno Anatomic<\/h3>\n<div class=\"productLongDescription description\">\n<ul>\n<li>Pack de dos pares de calcetines de ciclismo con hilo reciclado<\/li>\n<li>Ideal para \u00e9pocas fr\u00edas<\/li>\n<li>Hilo de poli\u00e9ster reciclado 100%, que absorbe y expulsa el sudor<\/li>\n<li>Estructura completa de rizo para una excelente termorregulaci\u00f3n<\/li>\n<li>Ca\u00f1a larga de 20 cm<\/li>\n<\/ul>\n<nav aria-label=\"breadcrumbs\" class=\"rank-math-breadcrumb\"><p><span class=\"last\">Bicycles4ever<\/span><\/p><\/nav>\n<\/div>\n","protected":false},"excerpt":{"rendered":"<p>Calcetines Largo Spiuk Anatomic Invierno Los Calcetines Largos de Ciclismo Anatomic Invierno\u00a0son muy funcionales. Son perfectos para los meses m\u00e1s fr\u00edos del a\u00f1o. En su producci\u00f3n, empleamos un hilo de poli\u00e9ster reciclado que es respetuoso con el medio ambiente. Pero te interesar\u00e1 saber que adem\u00e1s absorbe y expulsa el sudor para lograr una excelente termorregulaci\u00f3n. [&#8230;]\n","protected":false},"featured_media":0,"template":"","meta":{"_trash_the_other_posts":false,"editor_notices":[]},"product_brand":[],"product_cat":[546,468],"product_tag":[448],"class_list":{"0":"post-6298","1":"product","2":"type-product","3":"status-publish","5":"product_cat-calcetines-spiuk","6":"product_cat-complementos-spiuk","7":"product_tag-anatomic-winter","9":"first","10":"instock","11":"taxable","12":"shipping-taxable","13":"product-type-variable"},"_links":{"self":[{"href":"https:\/\/bicycles4ever.com\/fr\/wp-json\/wp\/v2\/product\/6298","targetHints":{"allow":["GET"]}}],"collection":[{"href":"https:\/\/bicycles4ever.com\/fr\/wp-json\/wp\/v2\/product"}],"about":[{"href":"https:\/\/bicycles4ever.com\/fr\/wp-json\/wp\/v2\/types\/product"}],"wp:attachment":[{"href":"https:\/\/bicycles4ever.com\/fr\/wp-json\/wp\/v2\/media?parent=6298"}],"wp:term":[{"taxonomy":"product_brand","embeddable":true,"href":"https:\/\/bicycles4ever.com\/fr\/wp-json\/wp\/v2\/product_brand?post=6298"},{"taxonomy":"product_cat","embeddable":true,"href":"https:\/\/bicycles4ever.com\/fr\/wp-json\/wp\/v2\/product_cat?post=6298"},{"taxonomy":"product_tag","embeddable":true,"href":"https:\/\/bicycles4ever.com\/fr\/wp-json\/wp\/v2\/product_tag?post=6298"}],"curies":[{"name":"wp","href":"https:\/\/api.w.org\/{rel}","templated":true}]}}