{"id":6322,"date":"2021-11-21T03:49:23","date_gmt":"2021-11-21T03:49:23","guid":{"rendered":"https:\/\/bicycles4ever.intercambionaespanha.com\/?post_type=product&amp;p=6322"},"modified":"2021-11-21T03:49:23","modified_gmt":"2021-11-21T03:49:23","slug":"guantes-largos-anatomic-membrana-spiuk","status":"publish","type":"product","link":"https:\/\/bicycles4ever.com\/fr\/guantes-largos-anatomic-membrana-spiuk\/","title":{"rendered":"Guantes Largos Anatomic Membrana Spiuk"},"content":{"rendered":"<h2>Guantes Largos Spiuk Anatomic Membrana<\/h2>\n<div class=\"value std\">\n<p>Los <strong>Guantes de Ciclismo Anatomic membrana<\/strong>\u00a0son tan funcionales como elegantes. Combina la protecci\u00f3n contra viento y lluvia que necesitas\u2026 con la est\u00e9tica impecable que deseas. La membrana M2V\u00ae te mantendr\u00e1 protegido del fr\u00edo invierno. El elegante detalle iridiscente ,har\u00e1 el resto. M\u00e1rcate un tanto en la grupeta y recu\u00e9rdales que \u201cno hay mal tiempo, solo ropa inadecuada\u201d.<\/p>\n<p>En invierno cuesta m\u00e1s salir en bici. Bajas temperaturas, lluvia\u2026 As\u00ed que cuando te animas, hay\u00a0,una cosa que no te puedes permitir: pasar fr\u00edo.<\/p>\n<\/div>\n<h3 class=\"titleProduct\">Caracter\u00edsticas Spiuk Guantes Largos Anatomic Membrana<\/h3>\n<div class=\"productLongDescription description\">\n<ul>\n<li>Guante largo de ciclismo con membrana<\/li>\n<li>Ideal para situaciones de fr\u00edo y viento, con posibilidad de lluvia d\u00e9bil<\/li>\n<li>Capa t\u00e9rmica interior Ergodry Warm\u00ae y dorso con membrana M2V\u00ae<\/li>\n<li>Paneles de amortiguaci\u00f3n en palma con superficies de silicona antideslizamiento<\/li>\n<li>Inserciones Touchscreen en \u00edndice y pulgar y logotipo reflectante<\/li>\n<\/ul>\n<nav aria-label=\"breadcrumbs\" class=\"rank-math-breadcrumb\"><p><span class=\"last\">Bicycles4ever<\/span><\/p><\/nav>\n<\/div>\n","protected":false},"excerpt":{"rendered":"<p>Guantes Largos Spiuk Anatomic Membrana Los Guantes de Ciclismo Anatomic membrana\u00a0son tan funcionales como elegantes. Combina la protecci\u00f3n contra viento y lluvia que necesitas\u2026 con la est\u00e9tica impecable que deseas. La membrana M2V\u00ae te mantendr\u00e1 protegido del fr\u00edo invierno. El elegante detalle iridiscente ,har\u00e1 el resto. M\u00e1rcate un tanto en la grupeta y recu\u00e9rdales que [&#8230;]\n","protected":false},"featured_media":0,"template":"","meta":{"_trash_the_other_posts":false,"editor_notices":[]},"product_brand":[],"product_cat":[468,477],"product_tag":[448],"class_list":{"0":"post-6322","1":"product","2":"type-product","3":"status-publish","5":"product_cat-complementos-spiuk","6":"product_cat-guantes-spiuk","7":"product_tag-anatomic-winter","9":"first","10":"instock","11":"taxable","12":"shipping-taxable","13":"product-type-variable"},"_links":{"self":[{"href":"https:\/\/bicycles4ever.com\/fr\/wp-json\/wp\/v2\/product\/6322","targetHints":{"allow":["GET"]}}],"collection":[{"href":"https:\/\/bicycles4ever.com\/fr\/wp-json\/wp\/v2\/product"}],"about":[{"href":"https:\/\/bicycles4ever.com\/fr\/wp-json\/wp\/v2\/types\/product"}],"wp:attachment":[{"href":"https:\/\/bicycles4ever.com\/fr\/wp-json\/wp\/v2\/media?parent=6322"}],"wp:term":[{"taxonomy":"product_brand","embeddable":true,"href":"https:\/\/bicycles4ever.com\/fr\/wp-json\/wp\/v2\/product_brand?post=6322"},{"taxonomy":"product_cat","embeddable":true,"href":"https:\/\/bicycles4ever.com\/fr\/wp-json\/wp\/v2\/product_cat?post=6322"},{"taxonomy":"product_tag","embeddable":true,"href":"https:\/\/bicycles4ever.com\/fr\/wp-json\/wp\/v2\/product_tag?post=6322"}],"curies":[{"name":"wp","href":"https:\/\/api.w.org\/{rel}","templated":true}]}}