{"id":6344,"date":"2021-11-21T04:08:18","date_gmt":"2021-11-21T04:08:18","guid":{"rendered":"https:\/\/bicycles4ever.intercambionaespanha.com\/?post_type=product&amp;p=6344"},"modified":"2021-11-21T04:08:18","modified_gmt":"2021-11-21T04:08:18","slug":"manguitos-anatomic-spiuk","status":"publish","type":"product","link":"https:\/\/bicycles4ever.com\/fr\/manguitos-anatomic-spiuk\/","title":{"rendered":"Manguitos Anatomic Spiuk"},"content":{"rendered":"<h2>Manguitos Spiuk Anatomic<\/h2>\n<div class=\"value std\">\n<p>Los <strong>Manguitos de Ciclismo Anatomic<\/strong> a\u00edslan del fr\u00edo a la vez que permiten la transpiraci\u00f3n. Gracias a sus tejidos biel\u00e1sticos ErgodryWarm\u00ae se adaptan perfectamente a la anatom\u00eda en movimiento.<\/p>\n<\/div>\n<h3 class=\"titleProduct\">Caracter\u00edsticas Manguitos Anatomic Spiuk<\/h3>\n<div class=\"productLongDescription description\">\n<ul>\n<li>Manguitos t\u00e9rmicos de ciclismo<\/li>\n<li>Construcci\u00f3n con tejidos biel\u00e1sticos y costuras planas. Patr\u00f3n ajustado<\/li>\n<li>Tejido con tecnolog\u00eda ErgodryWarm\u00ae con cardado interior para un perfecto aislamiento y mantenimiento t\u00e9rmico<\/li>\n<li>Perfecta adaptaci\u00f3n anat\u00f3mica gracias a su bielasticidad<\/li>\n<li>Cintas de silicona antideslizamiento y sin puntos de presi\u00f3n<\/li>\n<\/ul>\n<nav aria-label=\"breadcrumbs\" class=\"rank-math-breadcrumb\"><p><span class=\"last\">Bicycles4ever<\/span><\/p><\/nav>\n<\/div>\n","protected":false},"excerpt":{"rendered":"<p>Manguitos Spiuk Anatomic Los Manguitos de Ciclismo Anatomic a\u00edslan del fr\u00edo a la vez que permiten la transpiraci\u00f3n. Gracias a sus tejidos biel\u00e1sticos ErgodryWarm\u00ae se adaptan perfectamente a la anatom\u00eda en movimiento. Caracter\u00edsticas Manguitos Anatomic Spiuk Manguitos t\u00e9rmicos de ciclismo Construcci\u00f3n con tejidos biel\u00e1sticos y costuras planas. Patr\u00f3n ajustado Tejido con tecnolog\u00eda ErgodryWarm\u00ae con cardado [&#8230;]\n","protected":false},"featured_media":0,"template":"","meta":{"_trash_the_other_posts":false,"editor_notices":[]},"product_brand":[],"product_cat":[468],"product_tag":[448],"class_list":{"0":"post-6344","1":"product","2":"type-product","3":"status-publish","5":"product_cat-complementos-spiuk","6":"product_tag-anatomic-winter","8":"first","9":"instock","10":"taxable","11":"shipping-taxable","12":"product-type-variable"},"_links":{"self":[{"href":"https:\/\/bicycles4ever.com\/fr\/wp-json\/wp\/v2\/product\/6344","targetHints":{"allow":["GET"]}}],"collection":[{"href":"https:\/\/bicycles4ever.com\/fr\/wp-json\/wp\/v2\/product"}],"about":[{"href":"https:\/\/bicycles4ever.com\/fr\/wp-json\/wp\/v2\/types\/product"}],"wp:attachment":[{"href":"https:\/\/bicycles4ever.com\/fr\/wp-json\/wp\/v2\/media?parent=6344"}],"wp:term":[{"taxonomy":"product_brand","embeddable":true,"href":"https:\/\/bicycles4ever.com\/fr\/wp-json\/wp\/v2\/product_brand?post=6344"},{"taxonomy":"product_cat","embeddable":true,"href":"https:\/\/bicycles4ever.com\/fr\/wp-json\/wp\/v2\/product_cat?post=6344"},{"taxonomy":"product_tag","embeddable":true,"href":"https:\/\/bicycles4ever.com\/fr\/wp-json\/wp\/v2\/product_tag?post=6344"}],"curies":[{"name":"wp","href":"https:\/\/api.w.org\/{rel}","templated":true}]}}