{"id":6657,"date":"2021-11-22T21:51:31","date_gmt":"2021-11-22T21:51:31","guid":{"rendered":"https:\/\/bicycles4ever.intercambionaespanha.com\/?post_type=product&amp;p=6657"},"modified":"2021-11-22T21:51:31","modified_gmt":"2021-11-22T21:51:31","slug":"braga-bufanda-top-ten-spiuk","status":"publish","type":"product","link":"https:\/\/bicycles4ever.com\/fr\/braga-bufanda-top-ten-spiuk\/","title":{"rendered":"Braga-Bufanda Top Ten Spiuk"},"content":{"rendered":"<h2>Braga-Bufanda Spiuk Top Ten<\/h2>\n<div class=\"value std\">\n<p>La <strong>Braga-Bufanda\u00a0de Ciclismo Top Ten membrana<\/strong> es ideal para quienes practican deporte con temperaturas bajas y viento. Su tejido el\u00e1stico con cardado interior lo convierte en un gran aislante t\u00e9rmico que se ajusta muy bien.<\/p>\n<p>Un complemento muy vers\u00e1til que puede colocarse de diversas maneras para abrigar el cuello, la nariz o los o\u00eddos del fr\u00edo.<\/p>\n<p>La gama <a title=\"Top Ten Winter\" href=\"https:\/\/bicycles4ever.intercambionaespanha.com\/coleccion\/top-ten-winter\/\" target=\"_blank\" rel=\"noopener nofollow\"><strong>Top Ten Winter<\/strong><\/a> de Spiuk se caracteriza por hacer especialmente bien lo b\u00e1sico.<\/p>\n<\/div>\n<h3 class=\"titleProduct\">Caracter\u00edsticas Braga-Bufanda Top Ten Spiuk<\/h3>\n<div class=\"productLongDescription description\">\n<ul>\n<li>Guante largo de ciclismo con membrana y que mejora la visibilidad<\/li>\n<li>Concebido para situaciones de fr\u00edo y viento con posibilidad de lluvia<\/li>\n<li>Capa t\u00e9rmica interior Ergodry Warm\u00ae y dorso con membrana M2V\u00ae<\/li>\n<li>Paneles de GEL, silicona antideslizamiento y ventilaci\u00f3n directa en la palma<\/li>\n<li>Inserciones Touchscreen en \u00edndice y pulgar. Tirador de velcro en mu\u00f1eca<\/li>\n<\/ul>\n<nav aria-label=\"breadcrumbs\" class=\"rank-math-breadcrumb\"><p><span class=\"last\">Bicycles4ever<\/span><\/p><\/nav>\n<\/div>\n","protected":false},"excerpt":{"rendered":"<p>Braga-Bufanda Spiuk Top Ten La Braga-Bufanda\u00a0de Ciclismo Top Ten membrana es ideal para quienes practican deporte con temperaturas bajas y viento. Su tejido el\u00e1stico con cardado interior lo convierte en un gran aislante t\u00e9rmico que se ajusta muy bien. Un complemento muy vers\u00e1til que puede colocarse de diversas maneras para abrigar el cuello, la nariz [&#8230;]\n","protected":false},"featured_media":0,"template":"","meta":{"_trash_the_other_posts":false,"editor_notices":[]},"product_brand":[],"product_cat":[468],"product_tag":[522],"class_list":{"0":"post-6657","1":"product","2":"type-product","3":"status-publish","5":"product_cat-complementos-spiuk","6":"product_tag-top-ten-winter","8":"first","9":"instock","10":"taxable","11":"shipping-taxable","12":"product-type-variable"},"_links":{"self":[{"href":"https:\/\/bicycles4ever.com\/fr\/wp-json\/wp\/v2\/product\/6657","targetHints":{"allow":["GET"]}}],"collection":[{"href":"https:\/\/bicycles4ever.com\/fr\/wp-json\/wp\/v2\/product"}],"about":[{"href":"https:\/\/bicycles4ever.com\/fr\/wp-json\/wp\/v2\/types\/product"}],"wp:attachment":[{"href":"https:\/\/bicycles4ever.com\/fr\/wp-json\/wp\/v2\/media?parent=6657"}],"wp:term":[{"taxonomy":"product_brand","embeddable":true,"href":"https:\/\/bicycles4ever.com\/fr\/wp-json\/wp\/v2\/product_brand?post=6657"},{"taxonomy":"product_cat","embeddable":true,"href":"https:\/\/bicycles4ever.com\/fr\/wp-json\/wp\/v2\/product_cat?post=6657"},{"taxonomy":"product_tag","embeddable":true,"href":"https:\/\/bicycles4ever.com\/fr\/wp-json\/wp\/v2\/product_tag?post=6657"}],"curies":[{"name":"wp","href":"https:\/\/api.w.org\/{rel}","templated":true}]}}