{"id":6684,"date":"2021-11-22T22:15:18","date_gmt":"2021-11-22T22:15:18","guid":{"rendered":"https:\/\/bicycles4ever.intercambionaespanha.com\/?post_type=product&amp;p=6684"},"modified":"2021-11-22T22:15:18","modified_gmt":"2021-11-22T22:15:18","slug":"orejera-anatomic-spiuk","status":"publish","type":"product","link":"https:\/\/bicycles4ever.com\/fr\/orejera-anatomic-spiuk\/","title":{"rendered":"Orejera Anatomic Spiuk"},"content":{"rendered":"<h2>Orejera Spiuk Anatomic<\/h2>\n<div class=\"value std\">\n<p>La <strong>Orejera de Ciclismo Anatomic<\/strong> es muy ligera y el\u00e1stica, as\u00ed que queda perfectamente ajustada bajo el casco. De esta manera el exceso de calor es evacuado por la parte superior del casco. La orejera es una protecci\u00f3n extra que adem\u00e1s puedes tener siempre a mano en el bolsillo de la chaqueta. Podr\u00edas vivir sin ella, pero no disfrutar\u00edas tanto pedaleando bajo el fr\u00edo.<\/p>\n<p>Comprobar\u00e1s lo pr\u00e1ctica qu\u00e9 es la <strong>Orejera Anatomic de Spiuk<\/strong> cuando la pongas a prueba un g\u00e9lido d\u00eda de invierno. Su suave interior forrado en lana merino te garantiza una salida c\u00e1lida y confortable.<\/p>\n<\/div>\n<h3 class=\"titleProduct\">Caracter\u00edsticas Orejera Anatomic Spiuk<\/h3>\n<div class=\"productLongDescription description\">\n<ul>\n<li>Banda ligera para proteger la frente y las orejas en d\u00edas fr\u00edos<\/li>\n<li>Tejido el\u00e1stico exterior ErgodryWarm\u00ae con interior forrado en lana merino<\/li>\n<li>Se adapta perfectamente bajo el casco permitiendo la evacuaci\u00f3n del calor por la parte superior<\/li>\n<li>Dise\u00f1o exterior mediante sublimaci\u00f3n con colores brillantes que no se desvanecen<\/li>\n<li>Talla \u00fanica. Unisex<\/li>\n<\/ul>\n<nav aria-label=\"breadcrumbs\" class=\"rank-math-breadcrumb\"><p><span class=\"last\">Bicycles4ever<\/span><\/p><\/nav>\n<\/div>\n","protected":false},"excerpt":{"rendered":"<p>Orejera Spiuk Anatomic La Orejera de Ciclismo Anatomic es muy ligera y el\u00e1stica, as\u00ed que queda perfectamente ajustada bajo el casco. De esta manera el exceso de calor es evacuado por la parte superior del casco. La orejera es una protecci\u00f3n extra que adem\u00e1s puedes tener siempre a mano en el bolsillo de la chaqueta. [&#8230;]\n","protected":false},"featured_media":0,"template":"","meta":{"_trash_the_other_posts":false,"editor_notices":[]},"product_brand":[],"product_cat":[468],"product_tag":[448],"class_list":{"0":"post-6684","1":"product","2":"type-product","3":"status-publish","5":"product_cat-complementos-spiuk","6":"product_tag-anatomic-winter","8":"first","9":"instock","10":"taxable","11":"shipping-taxable","12":"product-type-variable"},"_links":{"self":[{"href":"https:\/\/bicycles4ever.com\/fr\/wp-json\/wp\/v2\/product\/6684","targetHints":{"allow":["GET"]}}],"collection":[{"href":"https:\/\/bicycles4ever.com\/fr\/wp-json\/wp\/v2\/product"}],"about":[{"href":"https:\/\/bicycles4ever.com\/fr\/wp-json\/wp\/v2\/types\/product"}],"wp:attachment":[{"href":"https:\/\/bicycles4ever.com\/fr\/wp-json\/wp\/v2\/media?parent=6684"}],"wp:term":[{"taxonomy":"product_brand","embeddable":true,"href":"https:\/\/bicycles4ever.com\/fr\/wp-json\/wp\/v2\/product_brand?post=6684"},{"taxonomy":"product_cat","embeddable":true,"href":"https:\/\/bicycles4ever.com\/fr\/wp-json\/wp\/v2\/product_cat?post=6684"},{"taxonomy":"product_tag","embeddable":true,"href":"https:\/\/bicycles4ever.com\/fr\/wp-json\/wp\/v2\/product_tag?post=6684"}],"curies":[{"name":"wp","href":"https:\/\/api.w.org\/{rel}","templated":true}]}}