{"id":6712,"date":"2021-11-22T23:03:32","date_gmt":"2021-11-22T23:03:32","guid":{"rendered":"https:\/\/bicycles4ever.intercambionaespanha.com\/?post_type=product&amp;p=6712"},"modified":"2021-11-22T23:03:32","modified_gmt":"2021-11-22T23:03:32","slug":"polo-town-hombre-spiuk","status":"publish","type":"product","link":"https:\/\/bicycles4ever.com\/fr\/polo-town-hombre-spiuk\/","title":{"rendered":"Polo Town Hombre Spiuk"},"content":{"rendered":"<h2>Polo Spiuk Town Hombre<\/h2>\n<div class=\"value std\">\n<p>El ciclismo es m\u00e1s que un deporte, es una forma de vida. Y la Pasi\u00f3n de un ciclista no se apaga una vez se ha bajado de la bicicleta. Por ello, las prendas <strong>Sportwear de Spiuk<\/strong> permiten lucir con orgullo nuestra afici\u00f3n m\u00e1s all\u00e1 de la pr\u00e1ctica deportiva.<\/p>\n<p>La moda urbana adaptada al estilo Spiuk. Aplicando nuestra experiencia en el desarrollo de prendas deportivas que a\u00fanan comodidad y transpirabilidad, hemos desarrollado la colecci\u00f3n <a title=\"Sportswear\" href=\"https:\/\/bicycles4ever.intercambionaespanha.com\/coleccion\/sportswear\/\" target=\"_blank\" rel=\"noopener nofollow\"><strong>Sportswear<\/strong><\/a>. Prendas que empleamos diariamente tanto en el trabajo como en nuestros momentos de ocio. Siempre con nuestra Pasi\u00f3n como eje inspirador.<\/p>\n<\/div>\n<h3 class=\"titleProduct\">Caracter\u00edsticas Polo Town Hombre Spiuk<\/h3>\n<div class=\"productLongDescription description\">\n<ul>\n<li>Apto tanto para ciclismo como para caminar.<\/li>\n<li>Tratamiento: Hidr\u00f3filo (r\u00e1pida y efectiva evacuaci\u00f3n del sudor)<\/li>\n<li>Patr\u00f3n: Patr\u00f3n urbano deportivo, con trasera prolongada.<\/li>\n<li>Cuello deportivo con sistema de botones.<\/li>\n<li>Bolsillo trasero con cierre de bot\u00f3n.<\/li>\n<li>Banda horizontal frontal posibilidad de personalizaci\u00f3n<\/li>\n<li>Etiquetas silicona de talla y composici\u00f3n<\/li>\n<li>Logo Spiuk bordado en el pecho.<\/li>\n<\/ul>\n<nav aria-label=\"breadcrumbs\" class=\"rank-math-breadcrumb\"><p><span class=\"last\">Bicycles4ever<\/span><\/p><\/nav>\n<\/div>\n","protected":false},"excerpt":{"rendered":"<p>Polo Spiuk Town Hombre El ciclismo es m\u00e1s que un deporte, es una forma de vida. Y la Pasi\u00f3n de un ciclista no se apaga una vez se ha bajado de la bicicleta. Por ello, las prendas Sportwear de Spiuk permiten lucir con orgullo nuestra afici\u00f3n m\u00e1s all\u00e1 de la pr\u00e1ctica deportiva. La moda urbana [&#8230;]\n","protected":false},"featured_media":0,"template":"","meta":{"_trash_the_other_posts":false,"editor_notices":[]},"product_brand":[],"product_cat":[555,511],"product_tag":[519],"class_list":{"0":"post-6712","1":"product","2":"type-product","3":"status-publish","5":"product_cat-polos-spiuk","6":"product_cat-ropa-casual-spiuk","7":"product_tag-sportswear","9":"first","10":"instock","11":"taxable","12":"shipping-taxable","13":"product-type-variable"},"_links":{"self":[{"href":"https:\/\/bicycles4ever.com\/fr\/wp-json\/wp\/v2\/product\/6712","targetHints":{"allow":["GET"]}}],"collection":[{"href":"https:\/\/bicycles4ever.com\/fr\/wp-json\/wp\/v2\/product"}],"about":[{"href":"https:\/\/bicycles4ever.com\/fr\/wp-json\/wp\/v2\/types\/product"}],"wp:attachment":[{"href":"https:\/\/bicycles4ever.com\/fr\/wp-json\/wp\/v2\/media?parent=6712"}],"wp:term":[{"taxonomy":"product_brand","embeddable":true,"href":"https:\/\/bicycles4ever.com\/fr\/wp-json\/wp\/v2\/product_brand?post=6712"},{"taxonomy":"product_cat","embeddable":true,"href":"https:\/\/bicycles4ever.com\/fr\/wp-json\/wp\/v2\/product_cat?post=6712"},{"taxonomy":"product_tag","embeddable":true,"href":"https:\/\/bicycles4ever.com\/fr\/wp-json\/wp\/v2\/product_tag?post=6712"}],"curies":[{"name":"wp","href":"https:\/\/api.w.org\/{rel}","templated":true}]}}