{"id":6745,"date":"2021-11-23T00:02:31","date_gmt":"2021-11-23T00:02:31","guid":{"rendered":"https:\/\/bicycles4ever.intercambionaespanha.com\/?post_type=product&amp;p=6745"},"modified":"2021-11-23T00:02:31","modified_gmt":"2021-11-23T00:02:31","slug":"sudadera-capucha-ride-hombre-spiuk","status":"publish","type":"product","link":"https:\/\/bicycles4ever.com\/fr\/sudadera-capucha-ride-hombre-spiuk\/","title":{"rendered":"Sudadera Capucha Ride Hombre Spiuk"},"content":{"rendered":"<h2>Sudadera Capucha Spiuk Ride Hombre<\/h2>\n<div class=\"value std\">\n<p>El ciclismo es m\u00e1s que un deporte, es una forma de vida. Y la Pasi\u00f3n de un ciclista no se apaga una vez se ha bajado de la bicicleta. Por ello, las prendas <strong>Sportwear de Spiuk<\/strong> permiten lucir con orgullo nuestra afici\u00f3n m\u00e1s all\u00e1 de la pr\u00e1ctica deportiva.<\/p>\n<p>La moda urbana adaptada al estilo Spiuk. Aplicando nuestra experiencia en el desarrollo de prendas deportivas que a\u00fanan comodidad y transpirabilidad, hemos desarrollado la colecci\u00f3n <a href=\"https:\/\/bicycles4ever.intercambionaespanha.com\/coleccion\/sportswear\/\" target=\"_blank\" rel=\"noopener nofollow\"><strong>Sportswear<\/strong><\/a>. Prendas que empleamos diariamente tanto en el trabajo como en nuestros momentos de ocio. Siempre con nuestra Pasi\u00f3n como eje inspirador.<\/p>\n<\/div>\n<h3 class=\"titleProduct\">Caracter\u00edsticas Sudadera Capucha Ride Hombre Spiuk<\/h3>\n<div class=\"productLongDescription description\">\n<ul>\n<li>Sudadera con capucha de corte recto y estilo juvenil<\/li>\n<li>Tejido t\u00e9cnico mezcla de algod\u00f3n y poli\u00e9ster con doble estructura interior-exterior<\/li>\n<li>Tratamiento prelavado para evitar encogimientos y la posible aparici\u00f3n de pelusas<\/li>\n<li>Bolsillos tipo canguro y cremallera completa. Escudo de marca en material flocado<\/li>\n<li>Cintura con ribete el\u00e1stico y pu\u00f1os en tejido acanalado<\/li>\n<\/ul>\n<nav aria-label=\"breadcrumbs\" class=\"rank-math-breadcrumb\"><p><span class=\"last\">Bicycles4ever<\/span><\/p><\/nav>\n<\/div>\n","protected":false},"excerpt":{"rendered":"<p>Sudadera Capucha Spiuk Ride Hombre El ciclismo es m\u00e1s que un deporte, es una forma de vida. Y la Pasi\u00f3n de un ciclista no se apaga una vez se ha bajado de la bicicleta. Por ello, las prendas Sportwear de Spiuk permiten lucir con orgullo nuestra afici\u00f3n m\u00e1s all\u00e1 de la pr\u00e1ctica deportiva. La moda [&#8230;]\n","protected":false},"featured_media":0,"template":"","meta":{"_trash_the_other_posts":false,"editor_notices":[]},"product_brand":[],"product_cat":[511,520],"product_tag":[519],"class_list":{"0":"post-6745","1":"product","2":"type-product","3":"status-publish","5":"product_cat-ropa-casual-spiuk","6":"product_cat-sudaderas-spiuk","7":"product_tag-sportswear","9":"first","10":"instock","11":"taxable","12":"shipping-taxable","13":"product-type-variable"},"_links":{"self":[{"href":"https:\/\/bicycles4ever.com\/fr\/wp-json\/wp\/v2\/product\/6745","targetHints":{"allow":["GET"]}}],"collection":[{"href":"https:\/\/bicycles4ever.com\/fr\/wp-json\/wp\/v2\/product"}],"about":[{"href":"https:\/\/bicycles4ever.com\/fr\/wp-json\/wp\/v2\/types\/product"}],"wp:attachment":[{"href":"https:\/\/bicycles4ever.com\/fr\/wp-json\/wp\/v2\/media?parent=6745"}],"wp:term":[{"taxonomy":"product_brand","embeddable":true,"href":"https:\/\/bicycles4ever.com\/fr\/wp-json\/wp\/v2\/product_brand?post=6745"},{"taxonomy":"product_cat","embeddable":true,"href":"https:\/\/bicycles4ever.com\/fr\/wp-json\/wp\/v2\/product_cat?post=6745"},{"taxonomy":"product_tag","embeddable":true,"href":"https:\/\/bicycles4ever.com\/fr\/wp-json\/wp\/v2\/product_tag?post=6745"}],"curies":[{"name":"wp","href":"https:\/\/api.w.org\/{rel}","templated":true}]}}