{"id":6771,"date":"2021-11-23T09:41:39","date_gmt":"2021-11-23T09:41:39","guid":{"rendered":"https:\/\/bicycles4ever.intercambionaespanha.com\/?post_type=product&amp;p=6771"},"modified":"2021-11-23T09:41:39","modified_gmt":"2021-11-23T09:41:39","slug":"bidon-profit-spiuk","status":"publish","type":"product","link":"https:\/\/bicycles4ever.com\/fr\/bidon-profit-spiuk\/","title":{"rendered":"Bidon Profit Spiuk"},"content":{"rendered":"<h2>Bidon Spiuk Profit<\/h2>\n<div class=\"value std\">\n<p>Posiblemente prefieras olvidarte las llaves de casa antes que salir a rodar sin tu botell\u00edn. Bidon Profit, un compa\u00f1ero de fatigas que debe estar ah\u00ed cuando le necesitas.<\/p>\n<\/div>\n<h3 class=\"titleProduct\">Caracter\u00edsticas Bidon Profit Spiuk<\/h3>\n<div class=\"productLongDescription description\">\n<ul>\n<li>Capacidad: 500ml<\/li>\n<li>Innovador tap\u00f3n de membrana que evita fugas y facilita beber la cantidad exacta deseada<\/li>\n<li>Gracias a su sistema de cierre higi\u00e9nico, se puede beber f\u00e1cilmente y puede lavarse en lavavajillas.<\/li>\n<li>Permite su lavado en lavavajillas<\/li>\n<\/ul>\n<nav aria-label=\"breadcrumbs\" class=\"rank-math-breadcrumb\"><p><span class=\"last\">Bicycles4ever<\/span><\/p><\/nav>\n<\/div>\n","protected":false},"excerpt":{"rendered":"<p>Bidon Spiuk Profit Posiblemente prefieras olvidarte las llaves de casa antes que salir a rodar sin tu botell\u00edn. Bidon Profit, un compa\u00f1ero de fatigas que debe estar ah\u00ed cuando le necesitas. Caracter\u00edsticas Bidon Profit Spiuk Capacidad: 500ml Innovador tap\u00f3n de membrana que evita fugas y facilita beber la cantidad exacta deseada Gracias a su sistema [&#8230;]\n","protected":false},"featured_media":0,"template":"","meta":{"_trash_the_other_posts":false,"editor_notices":[]},"product_brand":[],"product_cat":[545,468],"product_tag":[503],"class_list":{"0":"post-6771","1":"product","2":"type-product","3":"status-publish","5":"product_cat-bidones-spiuk","6":"product_cat-complementos-spiuk","7":"product_tag-profit","9":"first","10":"instock","11":"taxable","12":"shipping-taxable","13":"product-type-variable"},"_links":{"self":[{"href":"https:\/\/bicycles4ever.com\/fr\/wp-json\/wp\/v2\/product\/6771","targetHints":{"allow":["GET"]}}],"collection":[{"href":"https:\/\/bicycles4ever.com\/fr\/wp-json\/wp\/v2\/product"}],"about":[{"href":"https:\/\/bicycles4ever.com\/fr\/wp-json\/wp\/v2\/types\/product"}],"wp:attachment":[{"href":"https:\/\/bicycles4ever.com\/fr\/wp-json\/wp\/v2\/media?parent=6771"}],"wp:term":[{"taxonomy":"product_brand","embeddable":true,"href":"https:\/\/bicycles4ever.com\/fr\/wp-json\/wp\/v2\/product_brand?post=6771"},{"taxonomy":"product_cat","embeddable":true,"href":"https:\/\/bicycles4ever.com\/fr\/wp-json\/wp\/v2\/product_cat?post=6771"},{"taxonomy":"product_tag","embeddable":true,"href":"https:\/\/bicycles4ever.com\/fr\/wp-json\/wp\/v2\/product_tag?post=6771"}],"curies":[{"name":"wp","href":"https:\/\/api.w.org\/{rel}","templated":true}]}}