{"id":6780,"date":"2021-11-23T10:07:42","date_gmt":"2021-11-23T10:07:42","guid":{"rendered":"https:\/\/bicycles4ever.intercambionaespanha.com\/?post_type=product&amp;p=6780"},"modified":"2021-11-23T10:07:42","modified_gmt":"2021-11-23T10:07:42","slug":"bidon-portaherramientas-spiuk","status":"publish","type":"product","link":"https:\/\/bicycles4ever.com\/fr\/bidon-portaherramientas-spiuk\/","title":{"rendered":"Bidon Portaherramientas Spiuk"},"content":{"rendered":"<h2>Bidon Spiuk Portaherramientas<\/h2>\n<div class=\"value std\">\n<p>Posiblemente prefieras olvidarte las llaves de casa antes que salir a rodar sin tu botell\u00edn. Bidon Portaherramientas, un compa\u00f1ero de fatigas que debe estar ah\u00ed cuando le necesitas y para llevar lo que necesitas.<\/p>\n<\/div>\n<h3 class=\"titleProduct\">Caracter\u00edsticas Bidon Portaherramientas Spiuk<\/h3>\n<div class=\"productLongDescription description\">\n<ul>\n<li>Capacidad: 500ml<\/li>\n<li>Tap\u00f3n de rosca cl\u00e1sico<\/li>\n<li>Dise\u00f1o ergon\u00f3mico y atemporal<\/li>\n<\/ul>\n<nav aria-label=\"breadcrumbs\" class=\"rank-math-breadcrumb\"><p><span class=\"last\">Bicycles4ever<\/span><\/p><\/nav>\n<\/div>\n","protected":false},"excerpt":{"rendered":"<p>Bidon Spiuk Portaherramientas Posiblemente prefieras olvidarte las llaves de casa antes que salir a rodar sin tu botell\u00edn. Bidon Portaherramientas, un compa\u00f1ero de fatigas que debe estar ah\u00ed cuando le necesitas y para llevar lo que necesitas. Caracter\u00edsticas Bidon Portaherramientas Spiuk Capacidad: 500ml Tap\u00f3n de rosca cl\u00e1sico Dise\u00f1o ergon\u00f3mico y atemporal<\/p>\n","protected":false},"featured_media":0,"template":"","meta":{"_trash_the_other_posts":false,"editor_notices":[]},"product_brand":[],"product_cat":[545,468],"product_tag":[],"class_list":{"0":"post-6780","1":"product","2":"type-product","3":"status-publish","5":"product_cat-bidones-spiuk","6":"product_cat-complementos-spiuk","8":"first","9":"instock","10":"taxable","11":"shipping-taxable","12":"product-type-variable"},"_links":{"self":[{"href":"https:\/\/bicycles4ever.com\/fr\/wp-json\/wp\/v2\/product\/6780","targetHints":{"allow":["GET"]}}],"collection":[{"href":"https:\/\/bicycles4ever.com\/fr\/wp-json\/wp\/v2\/product"}],"about":[{"href":"https:\/\/bicycles4ever.com\/fr\/wp-json\/wp\/v2\/types\/product"}],"wp:attachment":[{"href":"https:\/\/bicycles4ever.com\/fr\/wp-json\/wp\/v2\/media?parent=6780"}],"wp:term":[{"taxonomy":"product_brand","embeddable":true,"href":"https:\/\/bicycles4ever.com\/fr\/wp-json\/wp\/v2\/product_brand?post=6780"},{"taxonomy":"product_cat","embeddable":true,"href":"https:\/\/bicycles4ever.com\/fr\/wp-json\/wp\/v2\/product_cat?post=6780"},{"taxonomy":"product_tag","embeddable":true,"href":"https:\/\/bicycles4ever.com\/fr\/wp-json\/wp\/v2\/product_tag?post=6780"}],"curies":[{"name":"wp","href":"https:\/\/api.w.org\/{rel}","templated":true}]}}