{"id":7104,"date":"2021-11-02T16:42:10","date_gmt":"2021-11-02T16:42:10","guid":{"rendered":"https:\/\/bicycles4ever.intercambionaespanha.com\/?post_type=product&amp;p=5682"},"modified":"2021-11-02T16:42:10","modified_gmt":"2021-11-02T16:42:10","slug":"zapatilla-spinning-motiv-spiuk","status":"publish","type":"product","link":"https:\/\/bicycles4ever.com\/fr\/zapatilla-spinning-motiv-spiuk\/","title":{"rendered":"Zapatilla Spinning Motiv Spiuk"},"content":{"rendered":"<h2>Zapatilla Ciclismo Indoor Spiuk Motiv<\/h2>\n<p>La motivaci\u00f3n no te apunt\u00f3 a spinning. Pero te hace subir la resistencia de la bici est\u00e1tica. Y te empuja a exprimir cada sesi\u00f3n. Ahora sabes el origen del nombre de la <strong>Zapatilla Spinning Motiv<\/strong>.<\/p>\n<p>Si te encanta pedalear al ritmo de la m\u00fasica y sentir como las calas transmiten tu energ\u00eda&#8230; Las <strong>Zapatillas Ciclismo Indoor Motiv<\/strong> son un must. Pero recuerda que el ciclismo indoor tiene sus propios c\u00f3digos. Gracias a su suela de EVA y goma, caminar\u00e1s por el gimnasio sin parecer un astronauta. Son c\u00f3modas, frescas y con una est\u00e9tica urbana a prueba de miradas. Solo falta que subas a tu bici y\u2026 \u00a1Pump up the volume!<\/p>\n<h3 class=\"titleProduct\">Caracter\u00edsticas Zapatilla Ciclismo Indoor Motiv Spiuk<\/h3>\n<div class=\"productLongDescription description\">\n<ul>\n<li>Zapatilla deportiva de ciclismo indoor y gimnasio<\/li>\n<li>Dise\u00f1ada para caminar y pedalear c\u00f3modamente<\/li>\n<li>Suela de EVA y goma con anclajes compatibles con calas SPD<\/li>\n<li>Cinta el\u00e1stica con velcro que asegura un ajuste c\u00f3modo y eficaz<\/li>\n<li>Gran superficie de rejilla que facilita una perfecta ventilaci\u00f3n<\/li>\n<\/ul>\n<nav aria-label=\"breadcrumbs\" class=\"rank-math-breadcrumb\"><p><span class=\"last\">Bicycles4ever<\/span><\/p><\/nav>\n<\/div>\n","protected":false},"excerpt":{"rendered":"<p>Zapatilla Ciclismo Indoor Spiuk Motiv La motivaci\u00f3n no te apunt\u00f3 a spinning. Pero te hace subir la resistencia de la bici est\u00e1tica. Y te empuja a exprimir cada sesi\u00f3n. Ahora sabes el origen del nombre de la Zapatilla Spinning Motiv. Si te encanta pedalear al ritmo de la m\u00fasica y sentir como las calas transmiten [&#8230;]\n","protected":false},"featured_media":0,"template":"","meta":{"_trash_the_other_posts":false,"editor_notices":[]},"product_brand":[],"product_cat":[557,544],"product_tag":[],"class_list":{"0":"post-7104","1":"product","2":"type-product","3":"status-publish","5":"product_cat-zapatillas-ciclismo-indoor-spiuk","6":"product_cat-zapatillas-spiuk","8":"first","9":"instock","10":"taxable","11":"shipping-taxable","12":"product-type-variable"},"_links":{"self":[{"href":"https:\/\/bicycles4ever.com\/fr\/wp-json\/wp\/v2\/product\/7104","targetHints":{"allow":["GET"]}}],"collection":[{"href":"https:\/\/bicycles4ever.com\/fr\/wp-json\/wp\/v2\/product"}],"about":[{"href":"https:\/\/bicycles4ever.com\/fr\/wp-json\/wp\/v2\/types\/product"}],"wp:attachment":[{"href":"https:\/\/bicycles4ever.com\/fr\/wp-json\/wp\/v2\/media?parent=7104"}],"wp:term":[{"taxonomy":"product_brand","embeddable":true,"href":"https:\/\/bicycles4ever.com\/fr\/wp-json\/wp\/v2\/product_brand?post=7104"},{"taxonomy":"product_cat","embeddable":true,"href":"https:\/\/bicycles4ever.com\/fr\/wp-json\/wp\/v2\/product_cat?post=7104"},{"taxonomy":"product_tag","embeddable":true,"href":"https:\/\/bicycles4ever.com\/fr\/wp-json\/wp\/v2\/product_tag?post=7104"}],"curies":[{"name":"wp","href":"https:\/\/api.w.org\/{rel}","templated":true}]}}