{"id":7108,"date":"2021-11-22T22:02:29","date_gmt":"2021-11-22T22:02:29","guid":{"rendered":"https:\/\/bicycles4ever.intercambionaespanha.com\/?post_type=product&amp;p=6678"},"modified":"2021-11-22T22:02:29","modified_gmt":"2021-11-22T22:02:29","slug":"gorro-anatomic-spiuk","status":"publish","type":"product","link":"https:\/\/bicycles4ever.com\/fr\/gorro-anatomic-spiuk\/","title":{"rendered":"Gorro Anatomic Spiuk"},"content":{"rendered":"<h2>Gorro Spiuk Anatomic<\/h2>\n<div class=\"value std\">\n<p>El <strong>Gorro de Ciclismo Anatomic<\/strong> incorpora el revolucionario tejido biel\u00e1stico Arrowind en el frontal, que bloquea un 80% m\u00e1s de viento que tejidos convencionales, pero manteniendo las capacidades termorregulatorias y de transpiraci\u00f3n.<\/p>\n<\/div>\n<h3 class=\"titleProduct\">Caracter\u00edsticas Gorro Anatomic Spiuk<\/h3>\n<div class=\"productLongDescription description\">\n<ul>\n<li>Gorro para invierno, ideal para las condiciones m\u00e1s duras del invierno. Apto para su uso bajo casco de ciclismo<\/li>\n<li>Construido con tejido Arrowind\u00ae en el frontal, aporta una excelente protecci\u00f3n frente a viento (bloquea un 80% m\u00e1s de viento que tejidos de construcci\u00f3n convencional), pero mantiene unas excelentes capacidades termorregulatorias y de transpirabilidad<\/li>\n<li>Tejido ErgodryWarm\u00ae biel\u00e1stico en el resto de la prenda. El acabado cardado compacto en su cara interna garantiza un inmejorable nivel de aislamiento y mantenimiento t\u00e9rmico<\/li>\n<li>Costuras\u00a0,planas que evitan las molestias y no restan elasticidad<\/li>\n<\/ul>\n<nav aria-label=\"breadcrumbs\" class=\"rank-math-breadcrumb\"><p><span class=\"last\">Bicycles4ever<\/span><\/p><\/nav>\n<\/div>\n","protected":false},"excerpt":{"rendered":"<p>Gorro Spiuk Anatomic El Gorro de Ciclismo Anatomic incorpora el revolucionario tejido biel\u00e1stico Arrowind en el frontal, que bloquea un 80% m\u00e1s de viento que tejidos convencionales, pero manteniendo las capacidades termorregulatorias y de transpiraci\u00f3n. Caracter\u00edsticas Gorro Anatomic Spiuk Gorro para invierno, ideal para las condiciones m\u00e1s duras del invierno. Apto para su uso bajo [&#8230;]\n","protected":false},"featured_media":0,"template":"","meta":{"_trash_the_other_posts":false,"editor_notices":[]},"product_brand":[],"product_cat":[468],"product_tag":[448],"class_list":{"0":"post-7108","1":"product","2":"type-product","3":"status-publish","5":"product_cat-complementos-spiuk","6":"product_tag-anatomic-winter","8":"first","9":"instock","10":"taxable","11":"shipping-taxable","12":"product-type-variable"},"_links":{"self":[{"href":"https:\/\/bicycles4ever.com\/fr\/wp-json\/wp\/v2\/product\/7108","targetHints":{"allow":["GET"]}}],"collection":[{"href":"https:\/\/bicycles4ever.com\/fr\/wp-json\/wp\/v2\/product"}],"about":[{"href":"https:\/\/bicycles4ever.com\/fr\/wp-json\/wp\/v2\/types\/product"}],"wp:attachment":[{"href":"https:\/\/bicycles4ever.com\/fr\/wp-json\/wp\/v2\/media?parent=7108"}],"wp:term":[{"taxonomy":"product_brand","embeddable":true,"href":"https:\/\/bicycles4ever.com\/fr\/wp-json\/wp\/v2\/product_brand?post=7108"},{"taxonomy":"product_cat","embeddable":true,"href":"https:\/\/bicycles4ever.com\/fr\/wp-json\/wp\/v2\/product_cat?post=7108"},{"taxonomy":"product_tag","embeddable":true,"href":"https:\/\/bicycles4ever.com\/fr\/wp-json\/wp\/v2\/product_tag?post=7108"}],"curies":[{"name":"wp","href":"https:\/\/api.w.org\/{rel}","templated":true}]}}