{"id":7110,"date":"2021-11-23T09:10:34","date_gmt":"2021-11-23T09:10:34","guid":{"rendered":"https:\/\/bicycles4ever.intercambionaespanha.com\/?post_type=product&amp;p=6763"},"modified":"2021-11-23T09:10:34","modified_gmt":"2021-11-23T09:10:34","slug":"estuche-casco-spiuk","status":"publish","type":"product","link":"https:\/\/bicycles4ever.com\/fr\/estuche-casco-spiuk\/","title":{"rendered":"Estuche Casco Spiuk"},"content":{"rendered":"<h2>Estuche Casco Spiuk<\/h2>\n<div class=\"value std\">\n<p>Protege a quien debe protegerte. El <strong>estuche para cascos de Spiuk<\/strong> mantendr\u00e1 a salvo y a buen recaudo a ese compa\u00f1ero que siempre debe acompa\u00f1arte cuando salgas en bici.<\/p>\n<p>Spiuk ha fabricado el estuche para cascos combinando Mutispandex + EVA para que el estuche sea resistente y duradero. Que aguante los cl\u00e1sicos rigores de un viaje: golpes, apretones y ca\u00eddas. Y que aquello que transporte est\u00e9 siempre listo para salir a rodar. Tambi\u00e9n hemos incluido una amplia \u00e1rea de ventilaci\u00f3n. No te ahorrar\u00e1 limpiar las almohadillas de tu casco cada cierto tiempo, pero si que facilitar\u00e1 que estas se mantengan en mejores condiciones por m\u00e1s tiempo. No podr\u00e1s salir de viaje sin ella.<\/p>\n<\/div>\n<h3 class=\"titleProduct\">Caracter\u00edsticas Estuche Casco Spiuk<\/h3>\n<div class=\"productLongDescription description\">\n<ul>\n<li>Cascasa r\u00edgida de gran resistencia a impactos<\/li>\n<li>Tama\u00f1o apto para un amplio rango de modelos y tallas<\/li>\n<li>Superficie exterior textil resistente a la abrasi\u00f3n<\/li>\n<li>Cremallera de doble tirador<\/li>\n<li>Rejilla interior el\u00e1stica de ajuste<\/li>\n<li>Ventana inferior de ventilaci\u00f3n<\/li>\n<li>Asa textil<\/li>\n<\/ul>\n<nav aria-label=\"breadcrumbs\" class=\"rank-math-breadcrumb\"><p><span class=\"last\">Bicycles4ever<\/span><\/p><\/nav>\n<\/div>\n","protected":false},"excerpt":{"rendered":"<p>Estuche Casco Spiuk Protege a quien debe protegerte. El estuche para cascos de Spiuk mantendr\u00e1 a salvo y a buen recaudo a ese compa\u00f1ero que siempre debe acompa\u00f1arte cuando salgas en bici. Spiuk ha fabricado el estuche para cascos combinando Mutispandex + EVA para que el estuche sea resistente y duradero. Que aguante los cl\u00e1sicos [&#8230;]\n","protected":false},"featured_media":0,"template":"","meta":{"_trash_the_other_posts":false,"editor_notices":[]},"product_brand":[],"product_cat":[464],"product_tag":[519],"class_list":{"0":"post-7110","1":"product","2":"type-product","3":"status-publish","5":"product_cat-cascos-spiuk","6":"product_tag-sportswear","8":"first","9":"instock","10":"taxable","11":"shipping-taxable","12":"product-type-variable"},"_links":{"self":[{"href":"https:\/\/bicycles4ever.com\/fr\/wp-json\/wp\/v2\/product\/7110","targetHints":{"allow":["GET"]}}],"collection":[{"href":"https:\/\/bicycles4ever.com\/fr\/wp-json\/wp\/v2\/product"}],"about":[{"href":"https:\/\/bicycles4ever.com\/fr\/wp-json\/wp\/v2\/types\/product"}],"wp:attachment":[{"href":"https:\/\/bicycles4ever.com\/fr\/wp-json\/wp\/v2\/media?parent=7110"}],"wp:term":[{"taxonomy":"product_brand","embeddable":true,"href":"https:\/\/bicycles4ever.com\/fr\/wp-json\/wp\/v2\/product_brand?post=7110"},{"taxonomy":"product_cat","embeddable":true,"href":"https:\/\/bicycles4ever.com\/fr\/wp-json\/wp\/v2\/product_cat?post=7110"},{"taxonomy":"product_tag","embeddable":true,"href":"https:\/\/bicycles4ever.com\/fr\/wp-json\/wp\/v2\/product_tag?post=7110"}],"curies":[{"name":"wp","href":"https:\/\/api.w.org\/{rel}","templated":true}]}}