{"id":9474,"date":"2023-01-27T23:53:43","date_gmt":"2023-01-27T23:53:43","guid":{"rendered":"https:\/\/bicycles4ever.intercambionaespanha.com\/?post_type=product&#038;p=9474"},"modified":"2024-03-07T21:12:17","modified_gmt":"2024-03-07T21:12:17","slug":"casco-domo-spiuk","status":"publish","type":"product","link":"https:\/\/bicycles4ever.com\/fr\/casco-domo-spiuk\/","title":{"rendered":"Casco Domo Spiuk"},"content":{"rendered":"<h2>Casco Spiuk Domo<\/h2>\n<div>Ligereza y ventilaci\u00f3n son las premisas del casco Domo Spiuk. Un casco de l\u00edneas finas y colores elegantes adaptado a tus necesidades m\u00e1s profesionales. Su estructura ventilada te permitir\u00e1 sobrevivir a duras jornadas de pedaleo bajo el sol sin perder confort y protecci\u00f3n.<\/div>\n<div><\/div>\n<div>Su cierre microm\u00e9trico Domo y su sistema Incage te aportar\u00e1n el extra de seguridad que necesitas.<\/div>\n<div><\/div>\n<div>Que nada te pare y disfruta llevando tu rendimiento al l\u00edmite.<\/div>\n<h3 class=\"titleProduct\">Caracter\u00edsticas Casco Domo Spiuk<\/h3>\n<div class=\"productLongDescription description\">\n<ul>\n<li>Casco de ciclismo de confort extraordinario<\/li>\n<li>Ideal para largas distancias o situaciones de altas temperaturas<\/li>\n<li>Ajuste ,con cierre microm\u00e9trico Domo y divisores ArrowHead<\/li>\n<li>Gran \u00e1rea frontal de ventilaci\u00f3n y Arquitectura Airflow 360\u00ba que permite un gran flujo constante de aire<\/li>\n<li>Esqueleto interno de refuerzo InCage que mejora la respuesta a ,impactos<\/li>\n<\/ul>\n<nav aria-label=\"breadcrumbs\" class=\"rank-math-breadcrumb\"><p><span class=\"last\">Bicycles4ever<\/span><\/p><\/nav>\n<\/div>\n","protected":false},"excerpt":{"rendered":"<p>Casco Spiuk Domo Ligereza y ventilaci\u00f3n son las premisas del casco Domo Spiuk. Un casco de l\u00edneas finas y colores elegantes adaptado a tus necesidades m\u00e1s profesionales. Su estructura ventilada te permitir\u00e1 sobrevivir a duras jornadas de pedaleo bajo el sol sin perder confort y protecci\u00f3n. Su cierre microm\u00e9trico Domo y su sistema Incage te [&#8230;]\n","protected":false},"featured_media":0,"template":"","meta":{"_trash_the_other_posts":false,"editor_notices":[]},"product_brand":[],"product_cat":[464],"product_tag":[],"class_list":{"0":"post-9474","1":"product","2":"type-product","3":"status-publish","5":"product_cat-cascos-spiuk","7":"first","8":"instock","9":"taxable","10":"shipping-taxable","11":"product-type-variable"},"_links":{"self":[{"href":"https:\/\/bicycles4ever.com\/fr\/wp-json\/wp\/v2\/product\/9474","targetHints":{"allow":["GET"]}}],"collection":[{"href":"https:\/\/bicycles4ever.com\/fr\/wp-json\/wp\/v2\/product"}],"about":[{"href":"https:\/\/bicycles4ever.com\/fr\/wp-json\/wp\/v2\/types\/product"}],"wp:attachment":[{"href":"https:\/\/bicycles4ever.com\/fr\/wp-json\/wp\/v2\/media?parent=9474"}],"wp:term":[{"taxonomy":"product_brand","embeddable":true,"href":"https:\/\/bicycles4ever.com\/fr\/wp-json\/wp\/v2\/product_brand?post=9474"},{"taxonomy":"product_cat","embeddable":true,"href":"https:\/\/bicycles4ever.com\/fr\/wp-json\/wp\/v2\/product_cat?post=9474"},{"taxonomy":"product_tag","embeddable":true,"href":"https:\/\/bicycles4ever.com\/fr\/wp-json\/wp\/v2\/product_tag?post=9474"}],"curies":[{"name":"wp","href":"https:\/\/api.w.org\/{rel}","templated":true}]}}